{"id":19175,"date":"2019-08-13T13:57:31","date_gmt":"2019-08-13T13:57:31","guid":{"rendered":"http:\/\/only-smartbuildings.com\/?page_id=19175"},"modified":"2020-07-09T11:47:17","modified_gmt":"2020-07-09T10:47:17","slug":"politica-de-cookies","status":"publish","type":"page","link":"https:\/\/only-smartbuildings.com\/pt\/politica-de-cookies\/","title":{"rendered":"Pol\u00edtica de Cookies"},"content":{"rendered":"<p>[vc_row heading_color=&#8221;primary-1&#8243; bg_type=&#8221;color&#8221; padding_top_multiplier=&#8221;&#8221; padding_bottom_multiplier=&#8221;&#8221; columns_gap=&#8221;50&#8243;][vc_column tablet_sm_width=&#8221;1&#8243; css=&#8221;.vc_custom_1519030555020{padding-top: 10% !important;padding-bottom: 10% !important;background-position: center !important;background-repeat: no-repeat !important;background-size: cover !important;}&#8221;]<div class=\"grve-empty-space grve-height-6x\" style=\"\"><\/div><h2 class=\"grve-element grve-title grve-align-center grve-h1 grve-increase-heading grve-heading-200\" style=\"margin-bottom: 0px;\"><span>Pol\u00edtica de Cookies<\/span><\/h2><div class=\"grve-empty-space grve-height-3x\" style=\"\"><\/div>[vc_column_text]A ENANCER ELETR\u00d3NICA, Lda., matriculada na Conservat\u00f3ria do Registo Comercial de Braga, com o n\u00famero de identifica\u00e7\u00e3o de pessoa coletiva 508307341, com sede na Rua Max Grundig, 9, e com o capital social de 164.500,00\u20ac \u00e9 a propriet\u00e1ria deste s\u00edtio web.<\/p>\n<p>&nbsp;<\/p>\n<h3>Objetivo do s\u00edtio web<\/h3>\n<p>Com este s\u00edtio web a ENANCER visa dar a conhecer aos visitantes a sua atividade e posicionamento no mercado, bem como os seus produtos e servi\u00e7os, partilhando igualmente informa\u00e7\u00f5es que considera interessantes e relavantes sobre o estado da arte no segmento em que atua.<\/p>\n<p>Os visitantes deste s\u00edtio web podem, mediante expressa declara\u00e7\u00e3o de vontade, aceder a informa\u00e7\u00e3o mais detalhada e direcionada aos seus interesses, atrav\u00e9s da subscri\u00e7\u00e3o da newsletter, ou utilizar os canais de comunica\u00e7\u00e3o direta com a sociedade nele disponibilizados, nos termos e com os fundamentos a\u00ed espec\u00edficados.<\/p>\n<p>&nbsp;<\/p>\n<h3>Objetivo da Pol\u00edtica de Cookies<\/h3>\n<p>A Pol\u00edtica de Cookies da ENANCER visa reafirmar o compromisso desta sociedade com a conformidade legal no que diz respeito \u00e0 utiliza\u00e7\u00e3o de cookies e ao tratamento conexo de dados pessoais, (recomendando a este prop\u00f3sito que consulte igualmente a nossa <a href=\"\/politica-de-privacidade\/\">Pol\u00edtica de Privacidade<\/a>), prestando a informa\u00e7\u00e3o que se segue aos visitantes \u00a0deste s\u00edtio web.<\/p>\n<p>Este s\u00edtio web utiliza cookies ou testemunhos de conex\u00e3o, n\u00e3o s\u00f3 para possibilitar tecnicamente a comunica\u00e7\u00e3o e o fornecimento de servi\u00e7os expressamente solicitados pelo visitante, mas tamb\u00e9m com o prop\u00f3sito de otimizar a experi\u00eancia de navega\u00e7\u00e3o.<\/p>\n<p>&nbsp;<\/p>\n<h3>Presta\u00e7\u00e3o de informa\u00e7\u00e3o<\/h3>\n<p><strong>O que \u00e9 um cookie (testemunho de conex\u00e3o)?<\/strong><\/p>\n<p>Um cookie ou testemunho de conex\u00e3o \u00e9 um ficheiro de texto que cont\u00e9m e armazena pequenas quantidades de informa\u00e7\u00e3o, e que \u00e9 ativado e descarregado no computador ou noutro equipamento tecnol\u00f3gico do visitante.<\/p>\n<p>Encontra uma defini\u00e7\u00e3o e caracteriza\u00e7\u00e3o t\u00e9cnica de cookies na norma RFC6265 em <a href=\"http:\/\/tools.ietf.or\/html\/rfc6265\">http:\/\/tools.ietf.or\/html\/rfc6265<\/a><\/p>\n<p>&nbsp;<\/p>\n<p><strong>Qual o fundamento de licitude para a utiliza\u00e7\u00e3o de cookies?<\/strong><\/p>\n<ol>\n<li>Consentimento<br \/>\nNos termos da lei comunit\u00e1ria e nacional, a utiliza\u00e7\u00e3o de cookies ou testemunhos de conex\u00e3o deve ser previamente consentida pelo visitante.<br \/>\nPara que o consentimento seja v\u00e1lido, deve ser previamente prestada informa\u00e7\u00e3o clara e espec\u00edfica sobre a exist\u00eancia de cookies, a sua tipologia, finalidades e dura\u00e7\u00e3o.<\/li>\n<li>Isen\u00e7\u00e3o da obriga\u00e7\u00e3o de consentimento<br \/>\nN\u00e3o \u00e9, no entanto, necess\u00e1rio o consentimento se o cookie ou testemunho de conex\u00e3o tiver como \u00fanica finalidade efetuar a transmiss\u00e3o de uma comunica\u00e7\u00e3o atrav\u00e9s de uma rede de comunica\u00e7\u00f5es eletr\u00f3nicas ou se o cookie ou testemunho de conex\u00e3o for estritamente necess\u00e1rio para fornecer um servi\u00e7o da sociedade da informa\u00e7\u00e3o que tenha sido expressamente solicitado.<\/li>\n<\/ol>\n<p><strong>\u00a0<\/strong><\/p>\n<p><strong>Que cookies utilizamos e como os utilizamos?<\/strong><\/p>\n<p><a href=\"\/wp-content\/uploads\/2019\/08\/Screenshot_1.png\" target=\"_blank\" rel=\"noopener noreferrer\"><img loading=\"lazy\" decoding=\"async\" class=\"aligncenter wp-image-19177 size-full\" src=\"\/wp-content\/uploads\/2019\/08\/Screenshot_1.png\" alt=\"\" width=\"1547\" height=\"1130\" srcset=\"https:\/\/only-smartbuildings.com\/wp-content\/uploads\/2019\/08\/Screenshot_1.png 1547w, https:\/\/only-smartbuildings.com\/wp-content\/uploads\/2019\/08\/Screenshot_1-300x219.png 300w, https:\/\/only-smartbuildings.com\/wp-content\/uploads\/2019\/08\/Screenshot_1-768x561.png 768w, https:\/\/only-smartbuildings.com\/wp-content\/uploads\/2019\/08\/Screenshot_1-1024x748.png 1024w, https:\/\/only-smartbuildings.com\/wp-content\/uploads\/2019\/08\/Screenshot_1-600x438.png 600w\" sizes=\"auto, (max-width: 1547px) 100vw, 1547px\" \/><\/a><\/p>\n<p>&nbsp;<\/p>\n<p><strong>\u00a0<\/strong><strong>Como pode manifestar a sua vontade relativamente aos cookies que carecem de consentimento?<\/strong><\/p>\n<p>Ao aceder a este s\u00edtio web, na p\u00e1gina de entrada, aparece um aviso\/alerta, informando o visitante da utiliza\u00e7\u00e3o de cookies e da necessidade de consentimento pr\u00e9vio, com encaminhamento para a informa\u00e7\u00e3o aqui detalhada, solicitando subsequentemente o consentimento do visitante.<\/p>\n<p>O visitante pode aceitar ou recusar os cookies, manifestando a sua vontade livremente, clicando para o efeito na op\u00e7\u00e3o \u201caceito\u201d ou \u201cn\u00e3o aceito\u201d.<\/p>\n<p>Note-se, no entanto, que, ao desactivar cookies, o Utilizador poder\u00e1 afectar, parcial ou totalmente, a sua experi\u00eancia de navega\u00e7\u00e3o no Site.<\/p>\n<p>&nbsp;<\/p>\n<p><strong>Como pode alterar a sua vontade relativamente aos cookies que carecem de consentimento?<\/strong><\/p>\n<p>Todos os\u00a0<em style=\"font-weight: inherit;\">browsers<\/em>\u00a0permitem ao Utilizador aceitar, recusar ou apagar cookies, nomeadamente atrav\u00e9s da selec\u00e7\u00e3o das defini\u00e7\u00f5es apropriadas no respectivo navegador. O Utilizador pode configurar os cookies no menu \u201cop\u00e7\u00f5es\u201d ou \u201cprefer\u00eancias\u201d do browser. Para saber mais sobre os cookies, incluindo a forma de ver o que os cookies foram criados e como gerenciar e exclu\u00ed-los, o Utilizador poder\u00e1 visitar\u00a0<a href=\"http:\/\/www.allaboutcookies.org\/\">www.allaboutcookies.org<\/a>\u00a0que inclui informa\u00e7\u00f5es sobre como gerir as configura\u00e7\u00f5es de utilizador para os v\u00e1rios fornecedores de navegadores.<\/p>\n<p><u>N\u00e3o tem a certeza de que navegador\u00a0<\/u><em style=\"font-weight: inherit;\"><u>web\u00a0<\/u><\/em><u>utiliza?<\/u>\u00a0Para o verificar, abra o seu navegador\u00a0<em style=\"font-weight: inherit;\">web\u00a0<\/em>e seleccione \u201cAjuda\u201d na parte superior da janela do navegador. De seguida seleccione \u201cAcerca de\u201d. Deve aparecer uma janela emergente com informa\u00e7\u00e3o sobre o seu navegador.<\/p>\n<p>&nbsp;<\/p>\n<p><strong>Como pode exercer os seus direitos?<\/strong><\/p>\n<p>O visitante deste s\u00edtio web, enquanto titular de dados pessoais que sejam tratados pela ENANCER, pode exercer, a todo o tempo, de forma gratuita e nas condi\u00e7\u00f5es previstas na lei, designadamente nos artigos 15\u00ba a 22\u00ba do RGPD (Regulamento Geral de Prote\u00e7\u00e3o de Dados \u2013 Regulamento (UE) 2016\/679), os direitos de acesso, de retifica\u00e7\u00e3o e de apagamento dos dados pessoais que lhes digam respeito, bem como o direito \u00e0 limita\u00e7\u00e3o do tratamento, o direito de portabilidade dos dados, o direito de oposi\u00e7\u00e3o ao tratamento e o direito de n\u00e3o sugei\u00e7\u00e3o a decis\u00f5es exclusivamente automatizadas.<\/p>\n<p>Sempre que o fundamento de licitude do tratamento dos dados pessoais seja o consentimento, os titulares dos dados t\u00eam tamb\u00e9m o direito de, em qualquer altura, retirar o consentimento, sem que tal comprometa a licitude do tratamento entretanto efetuado com esse fundamento.<\/p>\n<p>Caso o titular dos dados pretenda exercer algum dos direitos supramencionados perante a ENANCER, enquanto respons\u00e1vel pelo tratamento, dever\u00e1 endere\u00e7ar a esta sociedade um pedido escrito, em que detalhe a sua pretens\u00e3o, utilizando para o efeito um dos seguintes canais:<\/p>\n<p>Endere\u00e7o eletr\u00f3nico \u2013 gabineteprotecaodedados@only-smartbuildings.com<br \/>\nEndere\u00e7o postal \u2013 Rua Max Grundig, 9, 4705-820 Braga<\/p>\n<p>Quando considere existir uma viola\u00e7\u00e3o dos seus dados, o titular dos dados tem, ainda, o direito de apresentar uma reclama\u00e7\u00e3o a uma autoridade de controlo, que, em Portugal, \u00e9 a Comiss\u00e3o Nacional de Prote\u00e7\u00e3o de Dados, sem preju\u00edzo de poderem utilizar outra via de recurso, designadamente judicial.<\/p>\n<p>&nbsp;<\/p>\n<h3>Revis\u00e3o da Pol\u00edtica de Cookies<\/h3>\n<p>A presente pol\u00edtica ser\u00e1 objeto de revis\u00e3o sempre que a evolu\u00e7\u00e3o legal ou organizacional o justificar. Sempre que tal ocorrer, ser\u00e1 dado conhecimento do facto aos visitantes deste s\u00edtio web.<\/p>\n<p>&nbsp;<\/p>\n<h3>Pol\u00edtica de Privacidade<\/h3>\n<p>Consulte tamb\u00e9m a <a href=\"\/privacy-policy\/\">Pol\u00edtica de Privacidade da ENANCER<\/a>.<\/p>\n<p>&nbsp;<\/p>\n<p><strong>Agradecemos a sua visita e o interesse demonstrado pelos produtos e servi\u00e7os da ENANCER!<\/strong>[\/vc_column_text][\/vc_column][\/vc_row]<\/p>","protected":false},"excerpt":{"rendered":"<p>In dicat delicata eos. Vim dicant platonem ne, quem expetenda necessitatibus nam eu. Mucius referrentur nam cu. Vel ludus noluisse consectetuer et.<\/p>\n","protected":false},"author":1,"featured_media":0,"parent":0,"menu_order":0,"comment_status":"closed","ping_status":"closed","template":"","meta":{"footnotes":""},"class_list":["post-19175","page","type-page","status-publish","hentry"],"aioseo_notices":[],"_links":{"self":[{"href":"https:\/\/only-smartbuildings.com\/pt\/wp-json\/wp\/v2\/pages\/19175","targetHints":{"allow":["GET"]}}],"collection":[{"href":"https:\/\/only-smartbuildings.com\/pt\/wp-json\/wp\/v2\/pages"}],"about":[{"href":"https:\/\/only-smartbuildings.com\/pt\/wp-json\/wp\/v2\/types\/page"}],"author":[{"embeddable":true,"href":"https:\/\/only-smartbuildings.com\/pt\/wp-json\/wp\/v2\/users\/1"}],"replies":[{"embeddable":true,"href":"https:\/\/only-smartbuildings.com\/pt\/wp-json\/wp\/v2\/comments?post=19175"}],"version-history":[{"count":18,"href":"https:\/\/only-smartbuildings.com\/pt\/wp-json\/wp\/v2\/pages\/19175\/revisions"}],"predecessor-version":[{"id":19414,"href":"https:\/\/only-smartbuildings.com\/pt\/wp-json\/wp\/v2\/pages\/19175\/revisions\/19414"}],"wp:attachment":[{"href":"https:\/\/only-smartbuildings.com\/pt\/wp-json\/wp\/v2\/media?parent=19175"}],"curies":[{"name":"wp","href":"https:\/\/api.w.org\/{rel}","templated":true}]}}