{"id":18711,"date":"2019-01-07T15:04:14","date_gmt":"2019-01-07T15:04:14","guid":{"rendered":"http:\/\/www.only-smartbuildings.com\/?page_id=18711"},"modified":"2023-09-11T15:42:33","modified_gmt":"2023-09-11T14:42:33","slug":"video","status":"publish","type":"page","link":"https:\/\/only-smartbuildings.com\/pt\/video\/","title":{"rendered":"Download"},"content":{"rendered":"<p>[vc_row padding_top_multiplier=&#8221;&#8221; padding_bottom_multiplier=&#8221;&#8221; columns_gap=&#8221;none&#8221; equal_column_height=&#8221;middle-content&#8221;][vc_column vertical_content_position=&#8221;middle&#8221; css=&#8221;.vc_custom_1533130035172{margin-top: -40px !important;background-position: center !important;background-repeat: no-repeat !important;background-size: cover !important;}&#8221;]<h2 class=\"grve-element grve-title grve-align-left grve-h3 text-uppercase\" style=\"\"><span>V\u00eddeos Promocionais<\/span><\/h2><div class=\"grve-element grve-divider grve-align-left\" style=\"\"><span class=\"grve-custom-divider grve-bg-primary-3\" style=\"width: 100%;height: 1px;\"><\/span><\/div><div class=\"grve-empty-space grve-height-1x\" style=\"\"><\/div>[\/vc_column][\/vc_row][vc_row heading_color=&#8221;primary-1&#8243; padding_top_multiplier=&#8221;&#8221; padding_bottom_multiplier=&#8221;3x&#8221; columns_gap=&#8221;60&#8243;][vc_column width=&#8221;1\/2&#8243; css=&#8221;.vc_custom_1520438602190{background-position: center !important;background-repeat: no-repeat !important;background-size: cover !important;}&#8221;]<div class=\"grve-element grve-image capas-downloads grve-align-center\" style=\"\">  <div class=\"grve-image-wrapper\"><a href=\"https:\/\/youtu.be\/rfROXuI2BKg\" title=\"APP BeONLY\" target=\"_blank\"><img loading=\"lazy\" decoding=\"async\" width=\"600\" height=\"395\" src=\"https:\/\/only-smartbuildings.com\/wp-content\/uploads\/2023\/09\/Thumbnail-1.png\" class=\"attachment-full size-full\" alt=\"\" srcset=\"https:\/\/only-smartbuildings.com\/wp-content\/uploads\/2023\/09\/Thumbnail-1.png 600w, https:\/\/only-smartbuildings.com\/wp-content\/uploads\/2023\/09\/Thumbnail-1-300x198.png 300w\" sizes=\"auto, (max-width: 600px) 100vw, 600px\" \/><\/a>   <\/div><\/div>[vc_row_inner css=&#8221;.vc_custom_1533132690046{margin-bottom: 0px !important;padding-bottom: 0px !important;}&#8221;][vc_column_inner width=&#8221;1\/2&#8243;]<h2 class=\"grve-element grve-title grve-align-left grve-h2\" style=\"\"><span><br>\n<p style=\"text-align: left;\">APP BeONLY<br>\n<\/span><\/h2>[\/vc_column_inner][vc_column_inner width=&#8221;1\/2&#8243;]<div class=\"grve-element grve-single-icon grve-align-right grve-small download-icon\" style=\"\"><a href=\"https:\/\/youtu.be\/rfROXuI2BKg\" title=\"APP BeONLY\" target=\"_blank\">  <div class=\"grve-wrapper-icon grve-no-shape\" style=\"\"><i class=\"entypo-icon entypo-icon-download grve-text-primary-1\"><\/i><\/div><\/a><\/div>[\/vc_column_inner][\/vc_row_inner]<div class=\"grve-element grve-divider grve-align-left\" style=\"padding-top: 20px;padding-bottom: 40px;\"><span class=\"grve-custom-divider grve-bg-primary-3\" style=\"width: 100%;height: 1px;\"><\/span><\/div>[\/vc_column][vc_column width=&#8221;1\/2&#8243;]<div class=\"grve-element grve-image capas-downloads grve-align-center\" style=\"\">  <div class=\"grve-image-wrapper\"><a href=\"https:\/\/youtu.be\/s7rkaPXMlTY\" title=\"ONLY Smart Hotel\" target=\"_blank\"><img loading=\"lazy\" decoding=\"async\" width=\"600\" height=\"415\" src=\"https:\/\/only-smartbuildings.com\/wp-content\/uploads\/2023\/09\/Thumbnail-2.png\" class=\"attachment-full size-full\" alt=\"\" srcset=\"https:\/\/only-smartbuildings.com\/wp-content\/uploads\/2023\/09\/Thumbnail-2.png 600w, https:\/\/only-smartbuildings.com\/wp-content\/uploads\/2023\/09\/Thumbnail-2-300x208.png 300w\" sizes=\"auto, (max-width: 600px) 100vw, 600px\" \/><\/a>   <\/div><\/div>[vc_row_inner css=&#8221;.vc_custom_1533132690046{margin-bottom: 0px !important;padding-bottom: 0px !important;}&#8221;][vc_column_inner width=&#8221;1\/2&#8243;]<h2 class=\"grve-element grve-title grve-align-left grve-h2\" style=\"\"><span><br>\n<p style=\"text-align: left;\">ONLY Smart Hotel<br>\n<\/span><\/h2>[\/vc_column_inner][vc_column_inner width=&#8221;1\/2&#8243;]<div class=\"grve-element grve-single-icon grve-align-right grve-small download-icon\" style=\"\"><a href=\"https:\/\/youtu.be\/s7rkaPXMlTY\" title=\"ONLY Smart Hotel\" target=\"_blank\">  <div class=\"grve-wrapper-icon grve-no-shape\" style=\"\"><i class=\"entypo-icon entypo-icon-download grve-text-primary-1\"><\/i><\/div><\/a><\/div>[\/vc_column_inner][\/vc_row_inner]<div class=\"grve-element grve-divider grve-align-left\" style=\"padding-top: 20px;padding-bottom: 40px;\"><span class=\"grve-custom-divider grve-bg-primary-3\" style=\"width: 100%;height: 1px;\"><\/span><\/div>[\/vc_column][\/vc_row][vc_row heading_color=&#8221;primary-1&#8243; padding_top_multiplier=&#8221;&#8221; padding_bottom_multiplier=&#8221;3x&#8221; columns_gap=&#8221;60&#8243;][vc_column width=&#8221;1\/2&#8243; css=&#8221;.vc_custom_1520438602190{background-position: center !important;background-repeat: no-repeat !important;background-size: cover !important;}&#8221;]<div class=\"grve-element grve-image capas-downloads grve-align-center\" style=\"\">  <div class=\"grve-image-wrapper\"><a href=\"https:\/\/www.youtube.com\/watch?v=e4CAELVVDYo&#038;t=6s\" title=\"Multifun\u00e7\u00f5es\" target=\"_blank\"><img loading=\"lazy\" decoding=\"async\" width=\"600\" height=\"405\" src=\"https:\/\/only-smartbuildings.com\/wp-content\/uploads\/2023\/09\/thumbnail.png\" class=\"attachment-full size-full\" alt=\"\" srcset=\"https:\/\/only-smartbuildings.com\/wp-content\/uploads\/2023\/09\/thumbnail.png 600w, https:\/\/only-smartbuildings.com\/wp-content\/uploads\/2023\/09\/thumbnail-300x203.png 300w\" sizes=\"auto, (max-width: 600px) 100vw, 600px\" \/><\/a>   <\/div><\/div>[vc_row_inner css=&#8221;.vc_custom_1533132690046{margin-bottom: 0px !important;padding-bottom: 0px !important;}&#8221;][vc_column_inner width=&#8221;1\/2&#8243;]<h2 class=\"grve-element grve-title grve-align-left grve-h2\" style=\"\"><span><br>\n<p style=\"text-align: left;\">Multifun\u00e7\u00f5es<br>\n<\/span><\/h2>[\/vc_column_inner][vc_column_inner width=&#8221;1\/2&#8243;]<div class=\"grve-element grve-single-icon grve-align-right grve-small download-icon\" style=\"\"><a href=\"https:\/\/www.youtube.com\/watch?v=e4CAELVVDYo&#038;t=6s\" title=\"Multifun\u00e7\u00f5es\" target=\"_blank\">  <div class=\"grve-wrapper-icon grve-no-shape\" style=\"\"><i class=\"entypo-icon entypo-icon-download grve-text-primary-1\"><\/i><\/div><\/a><\/div>[\/vc_column_inner][\/vc_row_inner]<div class=\"grve-element grve-divider grve-align-left\" style=\"padding-top: 20px;padding-bottom: 40px;\"><span class=\"grve-custom-divider grve-bg-primary-3\" style=\"width: 100%;height: 1px;\"><\/span><\/div>[\/vc_column][vc_column width=&#8221;1\/2&#8243;]<div class=\"grve-element grve-image capas-downloads grve-align-center\" style=\"\">  <div class=\"grve-image-wrapper\"><a href=\"https:\/\/youtu.be\/rCpRziNzxqg\" title=\"Acabamentos e Cores\" target=\"_blank\"><img loading=\"lazy\" decoding=\"async\" width=\"600\" height=\"482\" src=\"https:\/\/only-smartbuildings.com\/wp-content\/uploads\/2023\/05\/2023-05-26-14_51_26-Windows-Media-Player-e1694440252134.png\" class=\"attachment-full size-full\" alt=\"\" \/><\/a>   <\/div><\/div>[vc_row_inner css=&#8221;.vc_custom_1533132690046{margin-bottom: 0px !important;padding-bottom: 0px !important;}&#8221;][vc_column_inner width=&#8221;1\/2&#8243;]<h2 class=\"grve-element grve-title grve-align-left grve-h2\" style=\"\"><span><br>\n<p style=\"text-align: left;\">Acabamentos e Cores<br>\n<\/span><\/h2>[\/vc_column_inner][vc_column_inner width=&#8221;1\/2&#8243;]<div class=\"grve-element grve-single-icon grve-align-right grve-small download-icon\" style=\"\"><a href=\"https:\/\/www.youtube.com\/watch?v=7sUZEthRPHM\" title=\"Acabamentos e Cores\" target=\"_blank\">  <div class=\"grve-wrapper-icon grve-no-shape\" style=\"\"><i class=\"entypo-icon entypo-icon-download grve-text-primary-1\"><\/i><\/div><\/a><\/div>[\/vc_column_inner][\/vc_row_inner]<div class=\"grve-element grve-divider grve-align-left\" style=\"padding-top: 20px;padding-bottom: 40px;\"><span class=\"grve-custom-divider grve-bg-primary-3\" style=\"width: 100%;height: 1px;\"><\/span><\/div>[\/vc_column][\/vc_row][vc_row heading_color=&#8221;primary-1&#8243; padding_top_multiplier=&#8221;&#8221; padding_bottom_multiplier=&#8221;3x&#8221; columns_gap=&#8221;60&#8243;][vc_column width=&#8221;1\/2&#8243; css=&#8221;.vc_custom_1520438602190{background-position: center !important;background-repeat: no-repeat !important;background-size: cover !important;}&#8221;]<div class=\"grve-element grve-image capas-downloads grve-align-center\" style=\"\">  <div class=\"grve-image-wrapper\"><a href=\"https:\/\/youtu.be\/MHUcY_sq5Fc\" title=\"ShowRoom ONLY\" target=\"_blank\"><img loading=\"lazy\" decoding=\"async\" width=\"1309\" height=\"763\" src=\"https:\/\/only-smartbuildings.com\/wp-content\/uploads\/2023\/04\/2023-04-27-14_12_08-Windows-Media-Player-1.png\" class=\"attachment-full size-full\" alt=\"\" srcset=\"https:\/\/only-smartbuildings.com\/wp-content\/uploads\/2023\/04\/2023-04-27-14_12_08-Windows-Media-Player-1.png 1309w, https:\/\/only-smartbuildings.com\/wp-content\/uploads\/2023\/04\/2023-04-27-14_12_08-Windows-Media-Player-1-300x175.png 300w, https:\/\/only-smartbuildings.com\/wp-content\/uploads\/2023\/04\/2023-04-27-14_12_08-Windows-Media-Player-1-1024x597.png 1024w, https:\/\/only-smartbuildings.com\/wp-content\/uploads\/2023\/04\/2023-04-27-14_12_08-Windows-Media-Player-1-768x448.png 768w, https:\/\/only-smartbuildings.com\/wp-content\/uploads\/2023\/04\/2023-04-27-14_12_08-Windows-Media-Player-1-600x350.png 600w\" sizes=\"auto, (max-width: 1309px) 100vw, 1309px\" \/><\/a>   <\/div><\/div>[vc_row_inner css=&#8221;.vc_custom_1533132690046{margin-bottom: 0px !important;padding-bottom: 0px !important;}&#8221;][vc_column_inner width=&#8221;3\/4&#8243;]<h2 class=\"grve-element grve-title grve-align-left grve-h2\" style=\"\"><span><br>\n<p style=\"text-align: left;\">ONLY Wave<br>\n<\/span><\/h2>[\/vc_column_inner][vc_column_inner width=&#8221;1\/4&#8243;]<div class=\"grve-element grve-single-icon grve-align-right grve-small download-icon\" style=\"\"><a href=\"https:\/\/www.youtube.com\/watch?v=7sUZEthRPHM\" title=\"Showroom ONLY\" target=\"_blank\">  <div class=\"grve-wrapper-icon grve-no-shape\" style=\"\"><i class=\"entypo-icon entypo-icon-download grve-text-primary-1\"><\/i><\/div><\/a><\/div>[\/vc_column_inner][\/vc_row_inner]<div class=\"grve-element grve-divider grve-align-left\" style=\"padding-top: 20px;padding-bottom: 40px;\"><span class=\"grve-custom-divider grve-bg-primary-3\" style=\"width: 100%;height: 1px;\"><\/span><\/div>[\/vc_column][vc_column width=&#8221;1\/2&#8243;]<div class=\"grve-element grve-image capas-downloads grve-align-center\" style=\"\">  <div class=\"grve-image-wrapper\"><a href=\"https:\/\/www.youtube.com\/watch?v=7sUZEthRPHM\" target=\"_blank\"><img loading=\"lazy\" decoding=\"async\" width=\"2560\" height=\"1481\" src=\"https:\/\/only-smartbuildings.com\/wp-content\/uploads\/2021\/04\/showroom_1-scaled.jpg\" class=\"attachment-full size-full\" alt=\"\" srcset=\"https:\/\/only-smartbuildings.com\/wp-content\/uploads\/2021\/04\/showroom_1-scaled.jpg 2560w, https:\/\/only-smartbuildings.com\/wp-content\/uploads\/2021\/04\/showroom_1-300x174.jpg 300w, https:\/\/only-smartbuildings.com\/wp-content\/uploads\/2021\/04\/showroom_1-1024x592.jpg 1024w, https:\/\/only-smartbuildings.com\/wp-content\/uploads\/2021\/04\/showroom_1-768x444.jpg 768w, https:\/\/only-smartbuildings.com\/wp-content\/uploads\/2021\/04\/showroom_1-1536x888.jpg 1536w, https:\/\/only-smartbuildings.com\/wp-content\/uploads\/2021\/04\/showroom_1-1920x1110.jpg 1920w\" sizes=\"auto, (max-width: 2560px) 100vw, 2560px\" \/><\/a>   <\/div><\/div>[vc_row_inner css=&#8221;.vc_custom_1533132690046{margin-bottom: 0px !important;padding-bottom: 0px !important;}&#8221;][vc_column_inner width=&#8221;3\/4&#8243;]<h2 class=\"grve-element grve-title grve-align-left grve-h2\" style=\"\"><span><br>\n<p style=\"text-align: left;\">ShowRoom ONLY<br>\n<\/span><\/h2>[\/vc_column_inner][vc_column_inner width=&#8221;1\/4&#8243;]<div class=\"grve-element grve-single-icon grve-align-right grve-small download-icon\" style=\"\"><a href=\"https:\/\/youtu.be\/wyE5aGN1qN4\" target=\"_blank\">  <div class=\"grve-wrapper-icon grve-no-shape\" style=\"\"><i class=\"entypo-icon entypo-icon-download grve-text-primary-1\"><\/i><\/div><\/a><\/div>[\/vc_column_inner][\/vc_row_inner]<div class=\"grve-element grve-divider grve-align-left\" style=\"padding-top: 20px;padding-bottom: 40px;\"><span class=\"grve-custom-divider grve-bg-primary-3\" style=\"width: 100%;height: 1px;\"><\/span><\/div>[\/vc_column][\/vc_row][vc_row heading_color=&#8221;primary-1&#8243; padding_top_multiplier=&#8221;&#8221; padding_bottom_multiplier=&#8221;3x&#8221; columns_gap=&#8221;60&#8243;][vc_column width=&#8221;1\/2&#8243; css=&#8221;.vc_custom_1520438602190{background-position: center !important;background-repeat: no-repeat !important;background-size: cover !important;}&#8221;]<div class=\"grve-element grve-image capas-downloads grve-align-center\" style=\"\">  <div class=\"grve-image-wrapper\"><a href=\"https:\/\/youtu.be\/c7TLixdt0V0\" title=\"ShowRoom ONLY\" target=\"_blank\"><img loading=\"lazy\" decoding=\"async\" width=\"1300\" height=\"826\" src=\"https:\/\/only-smartbuildings.com\/wp-content\/uploads\/2023\/04\/2023-04-27-15_10_36-1-Fatima-Lopes_ONLYSmartBuildings-YouTube.png\" class=\"attachment-full size-full\" alt=\"\" srcset=\"https:\/\/only-smartbuildings.com\/wp-content\/uploads\/2023\/04\/2023-04-27-15_10_36-1-Fatima-Lopes_ONLYSmartBuildings-YouTube.png 1300w, https:\/\/only-smartbuildings.com\/wp-content\/uploads\/2023\/04\/2023-04-27-15_10_36-1-Fatima-Lopes_ONLYSmartBuildings-YouTube-300x191.png 300w, https:\/\/only-smartbuildings.com\/wp-content\/uploads\/2023\/04\/2023-04-27-15_10_36-1-Fatima-Lopes_ONLYSmartBuildings-YouTube-1024x651.png 1024w, https:\/\/only-smartbuildings.com\/wp-content\/uploads\/2023\/04\/2023-04-27-15_10_36-1-Fatima-Lopes_ONLYSmartBuildings-YouTube-768x488.png 768w, https:\/\/only-smartbuildings.com\/wp-content\/uploads\/2023\/04\/2023-04-27-15_10_36-1-Fatima-Lopes_ONLYSmartBuildings-YouTube-600x381.png 600w\" sizes=\"auto, (max-width: 1300px) 100vw, 1300px\" \/><\/a>   <\/div><\/div>[vc_row_inner css=&#8221;.vc_custom_1533132690046{margin-bottom: 0px !important;padding-bottom: 0px !important;}&#8221;][vc_column_inner width=&#8221;3\/4&#8243;]<h2 class=\"grve-element grve-title grve-align-left grve-h2\" style=\"\"><span><br>\n<p style=\"text-align: left;\">Integra\u00e7\u00e3o com ALEXA by F\u00e1tima Lopes<br>\n<\/span><\/h2>[\/vc_column_inner][vc_column_inner width=&#8221;1\/4&#8243;]<div class=\"grve-element grve-single-icon grve-align-right grve-small download-icon\" style=\"\"><a href=\"https:\/\/www.youtube.com\/watch?v=7sUZEthRPHM\" title=\"Showroom ONLY\" target=\"_blank\">  <div class=\"grve-wrapper-icon grve-no-shape\" style=\"\"><i class=\"entypo-icon entypo-icon-download grve-text-primary-1\"><\/i><\/div><\/a><\/div>[\/vc_column_inner][\/vc_row_inner]<div class=\"grve-element grve-divider grve-align-left\" style=\"padding-top: 20px;padding-bottom: 40px;\"><span class=\"grve-custom-divider grve-bg-primary-3\" style=\"width: 100%;height: 1px;\"><\/span><\/div>[\/vc_column][vc_column width=&#8221;1\/2&#8243;]<div class=\"grve-element grve-image capas-downloads grve-align-center\" style=\"\">  <div class=\"grve-image-wrapper\"><a href=\"https:\/\/youtu.be\/wLButOY_EDc\" target=\"_blank\"><img loading=\"lazy\" decoding=\"async\" width=\"1214\" height=\"788\" src=\"https:\/\/only-smartbuildings.com\/wp-content\/uploads\/2023\/04\/2023-04-27-15_17_52-Windows-Media-Player.png\" class=\"attachment-full size-full\" alt=\"\" srcset=\"https:\/\/only-smartbuildings.com\/wp-content\/uploads\/2023\/04\/2023-04-27-15_17_52-Windows-Media-Player.png 1214w, https:\/\/only-smartbuildings.com\/wp-content\/uploads\/2023\/04\/2023-04-27-15_17_52-Windows-Media-Player-300x195.png 300w, https:\/\/only-smartbuildings.com\/wp-content\/uploads\/2023\/04\/2023-04-27-15_17_52-Windows-Media-Player-1024x665.png 1024w, https:\/\/only-smartbuildings.com\/wp-content\/uploads\/2023\/04\/2023-04-27-15_17_52-Windows-Media-Player-768x499.png 768w, https:\/\/only-smartbuildings.com\/wp-content\/uploads\/2023\/04\/2023-04-27-15_17_52-Windows-Media-Player-600x389.png 600w\" sizes=\"auto, (max-width: 1214px) 100vw, 1214px\" \/><\/a>   <\/div><\/div>[vc_row_inner css=&#8221;.vc_custom_1533132690046{margin-bottom: 0px !important;padding-bottom: 0px !important;}&#8221;][vc_column_inner width=&#8221;3\/4&#8243;]<h2 class=\"grve-element grve-title grve-align-left grve-h2\" style=\"\"><span><br>\n<p style=\"text-align: right;\">Dom\u00f3tica ONLY by F\u00e1tima Lopes<br>\n<\/span><\/h2>[\/vc_column_inner][vc_column_inner width=&#8221;1\/4&#8243;]<div class=\"grve-element grve-single-icon grve-align-right grve-small download-icon\" style=\"\"><a href=\"https:\/\/youtu.be\/wyE5aGN1qN4\" target=\"_blank\">  <div class=\"grve-wrapper-icon grve-no-shape\" style=\"\"><i class=\"entypo-icon entypo-icon-download grve-text-primary-1\"><\/i><\/div><\/a><\/div>[\/vc_column_inner][\/vc_row_inner]<div class=\"grve-element grve-divider grve-align-left\" style=\"padding-top: 20px;padding-bottom: 40px;\"><span class=\"grve-custom-divider grve-bg-primary-3\" style=\"width: 100%;height: 1px;\"><\/span><\/div>[\/vc_column][\/vc_row][vc_row heading_color=&#8221;primary-1&#8243; padding_top_multiplier=&#8221;&#8221; padding_bottom_multiplier=&#8221;3x&#8221; columns_gap=&#8221;60&#8243;][vc_column width=&#8221;1\/2&#8243; css=&#8221;.vc_custom_1520438602190{background-position: center !important;background-repeat: no-repeat !important;background-size: cover !important;}&#8221;]<div class=\"grve-element grve-image capas-downloads grve-align-center\" style=\"\">  <div class=\"grve-image-wrapper\"><a href=\"https:\/\/www.youtube.com\/watch?v=n_cLhs6OzX4\" target=\"_blank\"><img loading=\"lazy\" decoding=\"async\" width=\"1433\" height=\"865\" src=\"https:\/\/only-smartbuildings.com\/wp-content\/uploads\/2020\/07\/printscreen.png\" class=\"attachment-full size-full\" alt=\"\" srcset=\"https:\/\/only-smartbuildings.com\/wp-content\/uploads\/2020\/07\/printscreen.png 1433w, https:\/\/only-smartbuildings.com\/wp-content\/uploads\/2020\/07\/printscreen-300x181.png 300w, https:\/\/only-smartbuildings.com\/wp-content\/uploads\/2020\/07\/printscreen-1024x618.png 1024w, https:\/\/only-smartbuildings.com\/wp-content\/uploads\/2020\/07\/printscreen-768x464.png 768w\" sizes=\"auto, (max-width: 1433px) 100vw, 1433px\" \/><\/a>   <\/div><\/div>[vc_row_inner css=&#8221;.vc_custom_1533132690046{margin-bottom: 0px !important;padding-bottom: 0px !important;}&#8221;][vc_column_inner width=&#8221;3\/4&#8243;]<h2 class=\"grve-element grve-title grve-align-left grve-h2\" style=\"\"><span><br>\n<p style=\"text-align: left;\">Casa Inteligente ONLY<br>\n<\/span><\/h2>[\/vc_column_inner][vc_column_inner width=&#8221;1\/4&#8243;]<div class=\"grve-element grve-single-icon grve-align-right grve-small download-icon\" style=\"\"><a href=\"https:\/\/www.youtube.com\/watch?v=0wVeH4aIh8g\" target=\"_blank\">  <div class=\"grve-wrapper-icon grve-no-shape\" style=\"\"><i class=\"entypo-icon entypo-icon-download grve-text-primary-1\"><\/i><\/div><\/a><\/div>[\/vc_column_inner][\/vc_row_inner]<div class=\"grve-element grve-divider grve-align-left\" style=\"padding-top: 20px;padding-bottom: 40px;\"><span class=\"grve-custom-divider grve-bg-primary-3\" style=\"width: 100%;height: 1px;\"><\/span><\/div>[\/vc_column][vc_column width=&#8221;1\/2&#8243;]<div class=\"grve-element grve-image capas-downloads grve-align-center\" style=\"\">  <div class=\"grve-image-wrapper\"><a href=\"https:\/\/www.youtube.com\/watch?v=7gXGw0Ijw90\" target=\"_blank\"><img loading=\"lazy\" decoding=\"async\" width=\"1275\" height=\"662\" src=\"https:\/\/only-smartbuildings.com\/wp-content\/uploads\/2020\/10\/Capturar.jpg\" class=\"attachment-full size-full\" alt=\"\" srcset=\"https:\/\/only-smartbuildings.com\/wp-content\/uploads\/2020\/10\/Capturar.jpg 1275w, https:\/\/only-smartbuildings.com\/wp-content\/uploads\/2020\/10\/Capturar-300x156.jpg 300w, https:\/\/only-smartbuildings.com\/wp-content\/uploads\/2020\/10\/Capturar-1024x532.jpg 1024w, https:\/\/only-smartbuildings.com\/wp-content\/uploads\/2020\/10\/Capturar-768x399.jpg 768w\" sizes=\"auto, (max-width: 1275px) 100vw, 1275px\" \/><\/a>   <\/div><\/div>[vc_row_inner css=&#8221;.vc_custom_1533132690046{margin-bottom: 0px !important;padding-bottom: 0px !important;}&#8221;][vc_column_inner width=&#8221;3\/4&#8243;]<h2 class=\"grve-element grve-title grve-align-left grve-h2\" style=\"\"><span><br>\n<p style=\"text-align: left;\">ONLY Smart Hotel<br>\n<\/span><\/h2>[\/vc_column_inner][vc_column_inner width=&#8221;1\/4&#8243;]<div class=\"grve-element grve-single-icon grve-align-right grve-small download-icon\" style=\"\"><a href=\"https:\/\/www.youtube.com\/watch?v=7gXGw0Ijw90\" target=\"_blank\">  <div class=\"grve-wrapper-icon grve-no-shape\" style=\"\"><i class=\"entypo-icon entypo-icon-download grve-text-primary-1\"><\/i><\/div><\/a><\/div>[\/vc_column_inner][\/vc_row_inner]<div class=\"grve-element grve-divider grve-align-left\" style=\"padding-top: 20px;padding-bottom: 40px;\"><span class=\"grve-custom-divider grve-bg-primary-3\" style=\"width: 100%;height: 1px;\"><\/span><\/div>[\/vc_column][\/vc_row][vc_row heading_color=&#8221;primary-1&#8243; padding_top_multiplier=&#8221;&#8221; padding_bottom_multiplier=&#8221;3x&#8221; columns_gap=&#8221;60&#8243;][vc_column width=&#8221;1\/2&#8243; css=&#8221;.vc_custom_1520438602190{background-position: center !important;background-repeat: no-repeat !important;background-size: cover !important;}&#8221;]<div class=\"grve-element grve-image capas-downloads grve-align-center\" style=\"\">  <div class=\"grve-image-wrapper\"><a href=\"https:\/\/youtu.be\/ZySDI1aDSjY\" target=\"_blank\"><img loading=\"lazy\" decoding=\"async\" width=\"1449\" height=\"790\" src=\"https:\/\/only-smartbuildings.com\/wp-content\/uploads\/2023\/04\/2023-04-27-15_02_00-Video-details-YouTube-Studio.png\" class=\"attachment-full size-full\" alt=\"\" srcset=\"https:\/\/only-smartbuildings.com\/wp-content\/uploads\/2023\/04\/2023-04-27-15_02_00-Video-details-YouTube-Studio.png 1449w, https:\/\/only-smartbuildings.com\/wp-content\/uploads\/2023\/04\/2023-04-27-15_02_00-Video-details-YouTube-Studio-300x164.png 300w, https:\/\/only-smartbuildings.com\/wp-content\/uploads\/2023\/04\/2023-04-27-15_02_00-Video-details-YouTube-Studio-1024x558.png 1024w, https:\/\/only-smartbuildings.com\/wp-content\/uploads\/2023\/04\/2023-04-27-15_02_00-Video-details-YouTube-Studio-768x419.png 768w, https:\/\/only-smartbuildings.com\/wp-content\/uploads\/2023\/04\/2023-04-27-15_02_00-Video-details-YouTube-Studio-600x327.png 600w\" sizes=\"auto, (max-width: 1449px) 100vw, 1449px\" \/><\/a>   <\/div><\/div>[vc_row_inner css=&#8221;.vc_custom_1533132690046{margin-bottom: 0px !important;padding-bottom: 0px !important;}&#8221;][vc_column_inner width=&#8221;3\/4&#8243;]<h2 class=\"grve-element grve-title grve-align-left grve-h2\" style=\"\"><span><br>\n<p style=\"text-align: left;\">ONLY Laser Engraving<br>\n<\/span><\/h2>[\/vc_column_inner][vc_column_inner width=&#8221;1\/4&#8243;]<div class=\"grve-element grve-single-icon grve-align-right grve-small download-icon\" style=\"\"><a href=\"https:\/\/www.youtube.com\/watch?v=yLRk0nsF3IM\" target=\"_blank\">  <div class=\"grve-wrapper-icon grve-no-shape\" style=\"\"><i class=\"entypo-icon entypo-icon-download grve-text-primary-1\"><\/i><\/div><\/a><\/div>[\/vc_column_inner][\/vc_row_inner]<div class=\"grve-element grve-divider grve-align-left\" style=\"padding-top: 20px;padding-bottom: 40px;\"><span class=\"grve-custom-divider grve-bg-primary-3\" style=\"width: 100%;height: 1px;\"><\/span><\/div>[\/vc_column][vc_column width=&#8221;1\/2&#8243;]<div class=\"grve-element grve-image capas-downloads grve-align-center\" style=\"\">  <div class=\"grve-image-wrapper\"><a href=\"https:\/\/www.youtube.com\/watch?v=62bQW7ia-GQ&#038;t=3s\" target=\"_blank\"><img loading=\"lazy\" decoding=\"async\" width=\"499\" height=\"278\" src=\"https:\/\/only-smartbuildings.com\/wp-content\/uploads\/2020\/10\/video.jpg\" class=\"attachment-full size-full\" alt=\"\" srcset=\"https:\/\/only-smartbuildings.com\/wp-content\/uploads\/2020\/10\/video.jpg 499w, https:\/\/only-smartbuildings.com\/wp-content\/uploads\/2020\/10\/video-300x167.jpg 300w\" sizes=\"auto, (max-width: 499px) 100vw, 499px\" \/><\/a>   <\/div><\/div>[vc_row_inner css=&#8221;.vc_custom_1533132690046{margin-bottom: 0px !important;padding-bottom: 0px !important;}&#8221;][vc_column_inner width=&#8221;3\/4&#8243;]<h2 class=\"grve-element grve-title grve-align-left grve-h2\" style=\"\"><span><br>\n<p style=\"text-align: left;\">Grupo FEHST 25 anos<br>\n<\/span><\/h2>[\/vc_column_inner][vc_column_inner width=&#8221;1\/4&#8243;]<div class=\"grve-element grve-single-icon grve-align-right grve-small download-icon\" style=\"\"><a href=\"https:\/\/www.youtube.com\/watch?v=62bQW7ia-GQ&#038;t=3s\" target=\"_blank\">  <div class=\"grve-wrapper-icon grve-no-shape\" style=\"\"><i class=\"entypo-icon entypo-icon-download grve-text-primary-1\"><\/i><\/div><\/a><\/div>[\/vc_column_inner][\/vc_row_inner]<div class=\"grve-element grve-divider grve-align-left\" style=\"padding-top: 20px;padding-bottom: 40px;\"><span class=\"grve-custom-divider grve-bg-primary-3\" style=\"width: 100%;height: 1px;\"><\/span><\/div>[\/vc_column][\/vc_row]<\/p>","protected":false},"excerpt":{"rendered":"<p>Lorem ipsum dolor sit amet, fierent invidunt eleifend an sea, sea at nonumes deserunt, cum in dictas maiorum consequat. Legere delicata sea eu, vix ei blandit forensibus. Ne qui posse munere molestiae, no has stet dolorum.<\/p>\n","protected":false},"author":3,"featured_media":0,"parent":0,"menu_order":0,"comment_status":"closed","ping_status":"closed","template":"","meta":{"footnotes":""},"class_list":["post-18711","page","type-page","status-publish","hentry"],"aioseo_notices":[],"_links":{"self":[{"href":"https:\/\/only-smartbuildings.com\/pt\/wp-json\/wp\/v2\/pages\/18711","targetHints":{"allow":["GET"]}}],"collection":[{"href":"https:\/\/only-smartbuildings.com\/pt\/wp-json\/wp\/v2\/pages"}],"about":[{"href":"https:\/\/only-smartbuildings.com\/pt\/wp-json\/wp\/v2\/types\/page"}],"author":[{"embeddable":true,"href":"https:\/\/only-smartbuildings.com\/pt\/wp-json\/wp\/v2\/users\/3"}],"replies":[{"embeddable":true,"href":"https:\/\/only-smartbuildings.com\/pt\/wp-json\/wp\/v2\/comments?post=18711"}],"version-history":[{"count":70,"href":"https:\/\/only-smartbuildings.com\/pt\/wp-json\/wp\/v2\/pages\/18711\/revisions"}],"predecessor-version":[{"id":20351,"href":"https:\/\/only-smartbuildings.com\/pt\/wp-json\/wp\/v2\/pages\/18711\/revisions\/20351"}],"wp:attachment":[{"href":"https:\/\/only-smartbuildings.com\/pt\/wp-json\/wp\/v2\/media?parent=18711"}],"curies":[{"name":"wp","href":"https:\/\/api.w.org\/{rel}","templated":true}]}}