{"id":18501,"date":"2018-10-16T13:21:22","date_gmt":"2018-10-16T13:21:22","guid":{"rendered":"http:\/\/only-smartbuildings.com\/?page_id=18501"},"modified":"2019-12-12T08:54:09","modified_gmt":"2019-12-12T08:54:09","slug":"pt2020","status":"publish","type":"page","link":"https:\/\/only-smartbuildings.com\/pt\/pt2020\/","title":{"rendered":"PT2020"},"content":{"rendered":"<p>[vc_row padding_top_multiplier=&#8221;&#8221; padding_bottom_multiplier=&#8221;&#8221; columns_gap=&#8221;none&#8221; equal_column_height=&#8221;middle-content&#8221;][vc_column vertical_content_position=&#8221;middle&#8221; css=&#8221;.vc_custom_1533130035172{margin-top: -40px !important;background-position: center !important;background-repeat: no-repeat !important;background-size: cover !important;}&#8221;]<div class=\"grve-empty-space grve-height-2x\" style=\"\"><\/div>[\/vc_column][\/vc_row][vc_row heading_color=&#8221;primary-1&#8243; padding_top_multiplier=&#8221;&#8221; padding_bottom_multiplier=&#8221;3x&#8221; columns_gap=&#8221;60&#8243;][vc_column css=&#8221;.vc_custom_1520438602190{background-position: center !important;background-repeat: no-repeat !important;background-size: cover !important;}&#8221;]<div class=\"grve-empty-space grve-height-2x\" style=\"\"><\/div><div class=\"grve-element grve-image grve-align-left\" style=\"\">  <div class=\"grve-image-wrapper\"><img loading=\"lazy\" decoding=\"async\" width=\"768\" height=\"66\" src=\"https:\/\/only-smartbuildings.com\/wp-content\/uploads\/2018\/10\/Compete2020-logos-01-768x66.png\" class=\"attachment-medium_large size-medium_large\" alt=\"\" srcset=\"https:\/\/only-smartbuildings.com\/wp-content\/uploads\/2018\/10\/Compete2020-logos-01-768x66.png 768w, https:\/\/only-smartbuildings.com\/wp-content\/uploads\/2018\/10\/Compete2020-logos-01-300x26.png 300w, https:\/\/only-smartbuildings.com\/wp-content\/uploads\/2018\/10\/Compete2020-logos-01-600x52.png 600w, https:\/\/only-smartbuildings.com\/wp-content\/uploads\/2018\/10\/Compete2020-logos-01.png 1018w\" sizes=\"auto, (max-width: 768px) 100vw, 768px\" \/>   <\/div><\/div><div class=\"grve-empty-space grve-height-2x\" style=\"\"><\/div>[vc_column_text el_class=&#8221;corpo-pt2020&#8243;]<strong>Designa\u00e7\u00e3o do projeto:<\/strong> Internacionaliza\u00e7\u00e3o com diversifica\u00e7\u00e3o de mercados, de produtos de dom\u00f3tica (Smart Home) com aplica\u00e7\u00e3o ao n\u00edvel de habita\u00e7\u00f5es, edif\u00edcios e hot\u00e9is.<\/p>\n<p><strong>C\u00f3digo do projeto: <\/strong>POCI-02-0752-FEDER-025767<\/p>\n<p><strong>Objetivo Principal: <\/strong>Refor\u00e7ar a competitividade das Pequenas e M\u00e9dias empresas<\/p>\n<p><strong>Regi\u00e3o de interven\u00e7\u00e3o: <\/strong>Norte<\/p>\n<p><strong>Entidade benefici\u00e1ria: <\/strong>ENANCER, ELECTR\u00d3NICA S.A.<\/p>\n<p><strong>Data de aprova\u00e7\u00e3o: <\/strong>2017-06-21<\/p>\n<p><strong>Data de in\u00edcio: <\/strong>2017-02-01<\/p>\n<p><strong>Data de conclus\u00e3o: <\/strong>2019-07-31<\/p>\n<p><strong>Investimento total: <\/strong>350.222,50 \u20ac (trezentos e cinquenta mil, duzentos e vinte e dois euros e cinquenta c\u00eantimos)<\/p>\n<p>&nbsp;<\/p>\n<p><strong>Apoio Financeiro da Uni\u00e3o Europeia:<\/strong><\/p>\n<ul>\n<li><strong>FEDER &#8211; <\/strong>152.740,13 \u20ac (cento e cinquenta e dois mil, setecentos e quarenta euros e treze c\u00eantimos)<\/li>\n<\/ul>\n<p><strong>Objetivos, atividades e resultados esperados\/atingidos:<\/strong><\/p>\n<ul>\n<li>Reconhecimento da empresa como sendo uma empresa que disponibiliza uma das melhores solu\u00e7\u00f5es de dom\u00f3tica a n\u00edvel mundial;<\/li>\n<li>Evolu\u00e7\u00e3o para o conceito de casa inteligente (Smart Home);<\/li>\n<li>Disponibiliza\u00e7\u00e3o de produtos de elevada qualidade e solu\u00e7\u00f5es integradas para os seus clientes;<\/li>\n<li>Privilegiar a fiabilidade, a efici\u00eancia energ\u00e9tica, a conectividade \u00e0 internet, a tecnologia, a privacidade, a seguran\u00e7a, o design e o conforto.<\/li>\n<li><strong>Volume de Neg\u00f3cios Internacional \u2013<\/strong> represente 45% do volume de neg\u00f3cios total, ou seja, 499 mil euros at\u00e9 2020;<\/li>\n<li><strong>Diversifica\u00e7\u00e3o Mercados Internacionais \u2013<\/strong> conseguir penetrar em novas geografias;<\/li>\n<li><strong>Equipa Comercial Internacional<\/strong> &#8211; equipa comercial internacional com dois novos colaboradores qualificados que possam assegurar novos mercados geogr\u00e1ficos;<\/li>\n<li><strong>EBITDA\/Volume de Neg\u00f3cios \u2013<\/strong> obter um r\u00e1cio de 56% no final de 2020.<\/li>\n<\/ul>\n<p>[\/vc_column_text][\/vc_column][\/vc_row][vc_row][vc_column][\/vc_column][\/vc_row][vc_row padding_top_multiplier=&#8221;3x&#8221; padding_bottom_multiplier=&#8221;3x&#8221;][vc_column width=&#8221;1\/6&#8243;][\/vc_column][vc_column width=&#8221;2\/3&#8243;]<h3 class=\"grve-element grve-title grve-align-center grve-h3\" style=\"margin-bottom: 0px;\"><span>Feiras internacionais<\/span><\/h3><div class=\"grve-element grve-divider grve-align-center\" style=\"padding-top: 24px;padding-bottom: 24px;\"><span class=\"grve-custom-divider grve-bg-primary-1\" style=\"width: 90px;height: 3px;\"><\/span><\/div>[vc_column_text text_style=&#8221;leader-text&#8221;][\/vc_column_text][\/vc_column][vc_column width=&#8221;1\/6&#8243;][\/vc_column][\/vc_row][vc_row heading_color=&#8221;light&#8221; section_type=&#8221;fullwidth&#8221; padding_top_multiplier=&#8221;&#8221; padding_bottom_multiplier=&#8221;&#8221; font_color=&#8221;#ffffff&#8221;][vc_column width=&#8221;1\/3&#8243; tablet_width=&#8221;1-2&#8243; tablet_sm_width=&#8221;1&#8243; css=&#8221;.vc_custom_1560503962550{margin-bottom: 30px !important;padding-top: 16% !important;padding-right: 20% !important;padding-bottom: 16px !important;padding-left: 20% !important;background-image: url(http:\/\/www.only-smartbuildings.com\/wp-content\/uploads\/2019\/06\/IMG_0469.jpg?id=19038) !important;background-position: center !important;background-repeat: no-repeat !important;background-size: cover !important;}&#8221;]<div class=\"grve-element grve-box-icon grve-medium grve-side-icon grve-align-left\" style=\"margin-bottom: 200px;\"><a href=\"http:\/\/www.only-smartbuildings.com\/only-stands-light-building-2018\/\" target=\"_blank\"><div class=\"grve-wrapper-icon grve-no-shape\" style=\"\"><i class=\"grve-text-white smp-icon-location-pin\"><\/i><\/div><div class=\"grve-box-content\"><div class=\"grve-box-title-wrapper\"><h3 class=\"grve-box-title grve-h5\">Light &amp; Building 2018<\/h3><\/div><\/div><\/a><\/div>[\/vc_column][vc_column width=&#8221;1\/3&#8243; tablet_width=&#8221;1-2&#8243; tablet_sm_width=&#8221;1&#8243; css=&#8221;.vc_custom_1560504099608{margin-bottom: 30px !important;padding-top: 16% !important;padding-right: 20% !important;padding-bottom: 16% !important;padding-left: 20% !important;background-image: url(http:\/\/www.only-smartbuildings.com\/wp-content\/uploads\/2019\/06\/IMGEM_0996.jpg?id=19042) !important;background-position: center !important;background-repeat: no-repeat !important;background-size: cover !important;}&#8221;]<div class=\"grve-element grve-box-icon grve-medium grve-side-icon grve-align-left\" style=\"margin-bottom: 122px;\"><a href=\"http:\/\/www.only-smartbuildings.com\/equiphotel_paris_2018\/\" target=\"_blank\"><div class=\"grve-wrapper-icon grve-no-shape\" style=\"\"><i class=\"grve-text-white smp-icon-location-pin\"><\/i><\/div><div class=\"grve-box-content\"><div class=\"grve-box-title-wrapper\"><h3 class=\"grve-box-title grve-h5\">DecorHotel 2018<\/h3><\/div><\/div><\/a><\/div>[\/vc_column][vc_column width=&#8221;1\/3&#8243; tablet_width=&#8221;1-2&#8243; tablet_sm_width=&#8221;1&#8243; css=&#8221;.vc_custom_1560504222632{margin-bottom: 30px !important;padding-top: 16% !important;padding-right: 20% !important;padding-bottom: 16% !important;padding-left: 20% !important;background-image: url(http:\/\/www.only-smartbuildings.com\/wp-content\/uploads\/2019\/06\/IMG_5168.jpg?id=19043) !important;background-position: center !important;background-repeat: no-repeat !important;background-size: cover !important;}&#8221;]<div class=\"grve-element grve-box-icon grve-medium grve-side-icon grve-align-left\" style=\"margin-bottom: 122px;\"><a href=\"http:\/\/www.only-smartbuildings.com\/aidde2019\/\" target=\"_blank\"><div class=\"grve-wrapper-icon grve-no-shape\" style=\"\"><i class=\"grve-text-white smp-icon-location-pin\"><\/i><\/div><div class=\"grve-box-content\"><div class=\"grve-box-title-wrapper\"><h3 class=\"grve-box-title grve-h5\">A&amp;I Digest Design Exhibition 2019<\/h3><\/div><\/div><\/a><\/div>[\/vc_column][vc_column width=&#8221;1\/3&#8243; tablet_width=&#8221;1-2&#8243; tablet_sm_width=&#8221;1&#8243; css=&#8221;.vc_custom_1560504386496{margin-bottom: 30px !important;padding-top: 16% !important;padding-right: 20% !important;padding-bottom: 16% !important;padding-left: 20% !important;background-image: url(http:\/\/www.only-smartbuildings.com\/wp-content\/uploads\/2019\/06\/49814774_535395563630296_8772139719015268352_n.jpg?id=19044) !important;background-position: center !important;background-repeat: no-repeat !important;background-size: cover !important;}&#8221;]<div class=\"grve-element grve-box-icon grve-medium grve-side-icon grve-align-left\" style=\"margin-bottom: 122px;\"><a href=\"http:\/\/www.only-smartbuildings.com\/hoga2019\/\" target=\"_blank\"><div class=\"grve-wrapper-icon grve-no-shape\" style=\"\"><i class=\"grve-text-white smp-icon-location-pin\"><\/i><\/div><div class=\"grve-box-content\"><div class=\"grve-box-title-wrapper\"><h3 class=\"grve-box-title grve-h5\">HOGA 2019<\/h3><\/div><\/div><\/a><\/div>[\/vc_column][vc_column width=&#8221;1\/3&#8243; tablet_width=&#8221;1-2&#8243; tablet_sm_width=&#8221;1&#8243; css=&#8221;.vc_custom_1560504456952{margin-bottom: 30px !important;padding-top: 16% !important;padding-right: 20% !important;padding-bottom: 16% !important;padding-left: 20% !important;background-image: url(http:\/\/www.only-smartbuildings.com\/wp-content\/uploads\/2019\/06\/IMG_20190529_161410.jpg?id=19045) !important;background-position: center !important;background-repeat: no-repeat !important;background-size: cover !important;}&#8221;]<div class=\"grve-element grve-box-icon grve-medium grve-side-icon grve-align-left\" style=\"margin-bottom: 122px;\"><a href=\"http:\/\/www.only-smartbuildings.com\/hostelcuba\/\" target=\"_blank\"><div class=\"grve-wrapper-icon grve-no-shape\" style=\"\"><i class=\"grve-text-white smp-icon-location-pin\"><\/i><\/div><div class=\"grve-box-content\"><div class=\"grve-box-title-wrapper\"><h3 class=\"grve-box-title grve-h5\">Hostel Cuba 2019<\/h3><\/div><\/div><\/a><\/div>[\/vc_column][\/vc_row]<\/p>","protected":false},"excerpt":{"rendered":"<p>Lorem ipsum dolor sit amet, fierent invidunt eleifend an sea, sea at nonumes deserunt, cum in dictas maiorum consequat. Legere delicata sea eu, vix ei blandit forensibus. Ne qui posse munere molestiae, no has stet dolorum.<\/p>\n","protected":false},"author":1,"featured_media":11538,"parent":0,"menu_order":0,"comment_status":"closed","ping_status":"closed","template":"","meta":{"footnotes":""},"class_list":["post-18501","page","type-page","status-publish","has-post-thumbnail","hentry"],"aioseo_notices":[],"_links":{"self":[{"href":"https:\/\/only-smartbuildings.com\/pt\/wp-json\/wp\/v2\/pages\/18501","targetHints":{"allow":["GET"]}}],"collection":[{"href":"https:\/\/only-smartbuildings.com\/pt\/wp-json\/wp\/v2\/pages"}],"about":[{"href":"https:\/\/only-smartbuildings.com\/pt\/wp-json\/wp\/v2\/types\/page"}],"author":[{"embeddable":true,"href":"https:\/\/only-smartbuildings.com\/pt\/wp-json\/wp\/v2\/users\/1"}],"replies":[{"embeddable":true,"href":"https:\/\/only-smartbuildings.com\/pt\/wp-json\/wp\/v2\/comments?post=18501"}],"version-history":[{"count":38,"href":"https:\/\/only-smartbuildings.com\/pt\/wp-json\/wp\/v2\/pages\/18501\/revisions"}],"predecessor-version":[{"id":19240,"href":"https:\/\/only-smartbuildings.com\/pt\/wp-json\/wp\/v2\/pages\/18501\/revisions\/19240"}],"wp:featuredmedia":[{"embeddable":true,"href":"https:\/\/only-smartbuildings.com\/pt\/wp-json\/"}],"wp:attachment":[{"href":"https:\/\/only-smartbuildings.com\/pt\/wp-json\/wp\/v2\/media?parent=18501"}],"curies":[{"name":"wp","href":"https:\/\/api.w.org\/{rel}","templated":true}]}}