{"id":17955,"date":"2019-05-05T09:09:42","date_gmt":"2019-05-05T09:09:42","guid":{"rendered":"http:\/\/only-smartbuildings.com\/?page_id=17955"},"modified":"2023-12-20T14:34:13","modified_gmt":"2023-12-20T14:34:13","slug":"careers","status":"publish","type":"page","link":"https:\/\/only-smartbuildings.com\/pt\/careers\/","title":{"rendered":"Empregos"},"content":{"rendered":"<p>[vc_row padding_top_multiplier=&#8221;&#8221; padding_bottom_multiplier=&#8221;6x&#8221; columns_gap=&#8221;none&#8221;][vc_column css=&#8221;.vc_custom_1521047122708{margin-top: -40px !important;}&#8221;]\t\t<div class=\"grve-element grve-blog grve-blog-columns grve-blog-masonry grve-isotope grve-with-gap\" style=\"\" data-columns=\"3\" data-columns-large-screen=\"3\" data-columns-tablet-landscape=\"3\" data-columns-tablet-portrait=\"2\" data-columns-mobile=\"1\" data-layout=\"masonry\" data-spinner=\"no\" data-gutter-size=\"40\">\r\n\t\t\t<div class=\"grve-isotope-container\">\r\n\t\t\t<article class=\"grve-blog-item grve-isotope-item post-17958 post type-post status-publish format-standard hentry category-careers\" itemscope itemType=\"http:\/\/schema.org\/BlogPosting\">\r\n\t\t\t\t<div class=\"grve-blog-item-inner grve-isotope-item-inner grve-fade-in-up\">\r\n\t\t\t\t\t\t\t\t\t\t\t\t\t\t\t\t\t<div class=\"grve-post-content-wrapper\">\r\n\t\t\t\t\t\t\t<div class=\"grve-post-content\">\r\n\t\t\t\t\t\t\t\t<div class=\"grve-post-header\">\r\n\t\t\t\t\t\t\t\t\t\t\t\t\t\t\t\t\t\t\t\t<span class=\"grve-hidden\">\r\n\t\t\t<span class=\"grve-structured-data entry-title\">Candidatura Espont\u00e2nea<\/span>\r\n\t\t\t<span class=\"grve-structured-data\" itemprop=\"image\" itemscope itemtype=\"http:\/\/schema.org\/ImageObject\">\r\n\t\t\t   <span itemprop='url' >https:\/\/only-smartbuildings.com\/wp-content\/themes\/movedo\/images\/empty\/thumbnail.jpg<\/span>\r\n\t\t\t   <span itemprop='height' >150<\/span>\r\n\t\t\t   <span itemprop='width' >150<\/span>\r\n\t\t\t<\/span>\r\n\t\t\t\t\t\t<span class=\"grve-structured-data vcard author\" itemprop=\"author\" itemscope itemtype=\"http:\/\/schema.org\/Person\">\r\n\t\t\t\t<span itemprop=\"name\" class=\"fn\">Only<\/span>\r\n\t\t\t<\/span>\r\n\t\t\t<span class=\"grve-structured-data\" itemprop=\"publisher\" itemscope itemtype=\"http:\/\/schema.org\/Organization\">\r\n\t\t\t\t<span itemprop='name'>Only<\/span>\r\n\t\t\t\t<span itemprop='logo' itemscope itemtype='http:\/\/schema.org\/ImageObject'>\r\n\t\t\t\t\t<span itemprop='url'>https:\/\/only-smartbuildings.com\/wp-content\/themes\/movedo\/images\/empty\/thumbnail.jpg<\/span>\r\n\t\t\t\t<\/span>\r\n\t\t\t<\/span>\r\n\t\t\t\t\t\t<time class=\"grve-structured-data date published\" itemprop=\"datePublished\" datetime=\"2021-07-07T10:14:13+00:00\">quarta,  7 de julho de 2021<\/time>\r\n\t\t\t<time class=\"grve-structured-data date updated\" itemprop=\"dateModified\"  datetime=\"2023-12-20T13:44:39+00:00\">quarta, 20 de dezembro de 2023<\/time>\r\n\t\t\t<span class=\"grve-structured-data\" itemprop=\"mainEntityOfPage\" itemscope itemtype=\"http:\/\/schema.org\/WebPage\" itemid=\"https:\/\/only-smartbuildings.com\/pt\/jobapplication\/\"><\/span>\r\n\t\t<\/span>\r\n\t\t\t\t\t\t\t\t\t\t\t\t\t\t\t\t\t\t\t\t<ul class=\"grve-post-meta\">\r\n\t\t\t\t\t\t\t\t\t\t<li class=\"grve-post-date\">\t<time class=\"\" datetime=\"2021-07-07T10:14:13+01:00\">\r\n\t\tquarta,  7 de julho de 2021\t<\/time>\r\n<\/li>\t\t\t\t\t\t\t\t\t\t<\/ul>\r\n\t\t\t\t\t\t\t\t\t\t\t\t\t\t\t\t\t\t\t\t\t\t\t\t\t\t\t<a href=\"https:\/\/only-smartbuildings.com\/pt\/jobapplication\/\" rel=\"bookmark\"><h2 class=\"grve-post-title grve-post-title-hover grve-h3\" itemprop=\"name headline\">Candidatura Espont\u00e2nea<\/h2><\/a>\t\t\t\t\t\t\t\t<\/div>\r\n\t\t\t\t\t\t\t\t<div itemprop=\"articleBody\"><p>Envie-nos o seu C.V.<\/p>\n<a class=\"grve-read-more grve-link-text grve-heading-color grve-text-hover-primary-1\" href=\"https:\/\/only-smartbuildings.com\/pt\/jobapplication\/\"><span>ler mais<\/span><\/a><\/div>\t\t\t\t\t\t\t<\/div>\r\n\t\t\t\t\t\t<\/div>\r\n\t\t\t\t\t\r\n\t\t\t\t<\/div>\t\t\t<\/article>\r\n\r\n\t\t\t<\/div>\r\n\t\t<\/div>\r\n[\/vc_column][\/vc_row][vc_row heading_color=&#8221;primary-1&#8243; padding_top_multiplier=&#8221;&#8221; padding_bottom_multiplier=&#8221;2x&#8221;][vc_column]<div class=\"grve-element grve-divider grve-align-left\" style=\"padding-bottom: 20px;\"><span class=\"grve-custom-divider grve-bg-primary-1\" style=\"width: 100%;height: 1px;\"><\/span><\/div><div class=\"grve-empty-space grve-height-3x\" style=\"\"><\/div><h2 class=\"grve-element grve-title grve-align-center grve-h1 grve-increase-heading grve-heading-200\" style=\"\"><span>Junte-se a nossa equipa<\/span><\/h2><div class=\"grve-empty-space\" style=\"height: 20px;\"><\/div>\n<div class=\"wpcf7 no-js\" id=\"wpcf7-f20564-o2\" lang=\"en-US\" dir=\"ltr\" data-wpcf7-id=\"20564\">\n<div class=\"screen-reader-response\"><p role=\"status\" aria-live=\"polite\" aria-atomic=\"true\"><\/p> <ul><\/ul><\/div>\n<form action=\"\/pt\/wp-json\/wp\/v2\/pages\/17955#wpcf7-f20564-o2\" method=\"post\" class=\"wpcf7-form init\" aria-label=\"Contact form\" enctype=\"multipart\/form-data\" novalidate=\"novalidate\" data-status=\"init\">\n<fieldset class=\"hidden-fields-container\"><input type=\"hidden\" name=\"_wpcf7\" value=\"20564\" \/><input type=\"hidden\" name=\"_wpcf7_version\" value=\"6.1.5\" \/><input type=\"hidden\" name=\"_wpcf7_locale\" value=\"en_US\" \/><input type=\"hidden\" name=\"_wpcf7_unit_tag\" value=\"wpcf7-f20564-o2\" \/><input type=\"hidden\" name=\"_wpcf7_container_post\" value=\"0\" \/><input type=\"hidden\" name=\"_wpcf7_posted_data_hash\" value=\"\" \/>\n<\/fieldset>\n<p><label> Name \/ Nome (required \/ obrigat\u00f3rio)<br \/>\n<span class=\"wpcf7-form-control-wrap\" data-name=\"your-name\"><input size=\"40\" maxlength=\"400\" class=\"wpcf7-form-control wpcf7-text wpcf7-validates-as-required\" aria-required=\"true\" aria-invalid=\"false\" value=\"\" type=\"text\" name=\"your-name\" \/><\/span> <\/label>\n<\/p>\n<p><label> Email (required \/ obrigat\u00f3rio)<br \/>\n<span class=\"wpcf7-form-control-wrap\" data-name=\"your-email\"><input size=\"40\" maxlength=\"400\" class=\"wpcf7-form-control wpcf7-text wpcf7-validates-as-required\" aria-required=\"true\" aria-invalid=\"false\" value=\"\" type=\"text\" name=\"your-email\" \/><\/span> <\/label>\n<\/p>\n<p><label> Curriculum Vitae<br \/>\n<span class=\"wpcf7-form-control-wrap\" data-name=\"file-attachments\"><input size=\"40\" class=\"wpcf7-form-control wpcf7-file\" accept=\".gif,.png,.jpg,.jpeg,.pdf,.doc,.docx\" aria-invalid=\"false\" type=\"file\" name=\"file-attachments\" \/><\/span> <\/label>\n<\/p>\n<p><input class=\"wpcf7-form-control wpcf7-submit has-spinner\" type=\"submit\" value=\"send \/ enviar\" \/>\n<\/p><p style=\"display: none !important;\" class=\"akismet-fields-container\" data-prefix=\"_wpcf7_ak_\"><label>&#916;<textarea name=\"_wpcf7_ak_hp_textarea\" cols=\"45\" rows=\"8\" maxlength=\"100\"><\/textarea><\/label><input type=\"hidden\" id=\"ak_js_2\" name=\"_wpcf7_ak_js\" value=\"33\"\/><script>document.getElementById( \"ak_js_2\" ).setAttribute( \"value\", ( new Date() ).getTime() );<\/script><\/p><div class=\"wpcf7-response-output\" aria-hidden=\"true\"><\/div>\n<\/form>\n<\/div>\n<div class=\"grve-empty-space grve-height-2x\" style=\"\"><\/div><div class=\"grve-element grve-divider grve-align-left\" style=\"padding-bottom: 20px;\"><span class=\"grve-custom-divider grve-bg-primary-3\" style=\"width: 100%;height: 1px;\"><\/span><\/div>[vc_column_text el_class=&#8221;texto-condicoes&#8221;]<\/p>\n<p>As candidaturas consideradas ser\u00e3o objeto de contato num prazo de 15 dias e somente ser\u00e3o consideradas as que re\u00fanam o perfil solicitado. As restantes ficar\u00e3o em base de dados para futuras solicita\u00e7\u00f5es. Todas as candidaturas ser\u00e3o tratadas com confidencialidade ao abrigo da Lei de Prote\u00e7\u00e3o de Dados. Ficar\u00e3o dispon\u00edveis na base de dados do departamento de Recrutamento e Sele\u00e7\u00e3o durante 2 anos.<\/p>\n<p>[\/vc_column_text][\/vc_column][\/vc_row]<\/p>","protected":false},"excerpt":{"rendered":"<p>Lorem ipsum dolor sit amet, fierent invidunt eleifend an sea, sea at nonumes deserunt, cum in dictas maiorum consequat. Legere delicata sea eu, vix ei blandit forensibus. Ne qui posse munere molestiae, no has stet dolorum.<\/p>\n","protected":false},"author":1,"featured_media":11538,"parent":0,"menu_order":0,"comment_status":"closed","ping_status":"closed","template":"","meta":{"footnotes":""},"class_list":["post-17955","page","type-page","status-publish","has-post-thumbnail","hentry"],"aioseo_notices":[],"_links":{"self":[{"href":"https:\/\/only-smartbuildings.com\/pt\/wp-json\/wp\/v2\/pages\/17955","targetHints":{"allow":["GET"]}}],"collection":[{"href":"https:\/\/only-smartbuildings.com\/pt\/wp-json\/wp\/v2\/pages"}],"about":[{"href":"https:\/\/only-smartbuildings.com\/pt\/wp-json\/wp\/v2\/types\/page"}],"author":[{"embeddable":true,"href":"https:\/\/only-smartbuildings.com\/pt\/wp-json\/wp\/v2\/users\/1"}],"replies":[{"embeddable":true,"href":"https:\/\/only-smartbuildings.com\/pt\/wp-json\/wp\/v2\/comments?post=17955"}],"version-history":[{"count":9,"href":"https:\/\/only-smartbuildings.com\/pt\/wp-json\/wp\/v2\/pages\/17955\/revisions"}],"predecessor-version":[{"id":20568,"href":"https:\/\/only-smartbuildings.com\/pt\/wp-json\/wp\/v2\/pages\/17955\/revisions\/20568"}],"wp:featuredmedia":[{"embeddable":true,"href":"https:\/\/only-smartbuildings.com\/pt\/wp-json\/"}],"wp:attachment":[{"href":"https:\/\/only-smartbuildings.com\/pt\/wp-json\/wp\/v2\/media?parent=17955"}],"curies":[{"name":"wp","href":"https:\/\/api.w.org\/{rel}","templated":true}]}}