{"id":17502,"date":"2018-03-16T10:50:42","date_gmt":"2018-03-16T10:50:42","guid":{"rendered":"http:\/\/only.younik.pt\/?page_id=17502"},"modified":"2018-06-19T16:11:29","modified_gmt":"2018-06-19T16:11:29","slug":"smart-care","status":"publish","type":"page","link":"https:\/\/only-smartbuildings.com\/pt\/smart-care\/","title":{"rendered":"Smart Care"},"content":{"rendered":"<p>[vc_row padding_top_multiplier=&#8221;6x&#8221; padding_bottom_multiplier=&#8221;6x&#8221;][vc_column]<div class=\"grve-element grve-image grve-align-center\" style=\"\">  <div class=\"grve-image-wrapper\"><img loading=\"lazy\" decoding=\"async\" width=\"431\" height=\"151\" src=\"https:\/\/only-smartbuildings.com\/wp-content\/uploads\/2018\/03\/only-smartCare.png\" class=\"attachment-full size-full\" alt=\"\" srcset=\"https:\/\/only-smartbuildings.com\/wp-content\/uploads\/2018\/03\/only-smartCare.png 431w, https:\/\/only-smartbuildings.com\/wp-content\/uploads\/2018\/03\/only-smartCare-300x105.png 300w\" sizes=\"auto, (max-width: 431px) 100vw, 431px\" \/>   <\/div><\/div><div class=\"grve-empty-space grve-height-2x\" style=\"\"><\/div>[vc_column_text]<\/p>\n<p style=\"text-align: center;\">Os cuidados a seniores tornam-se mais eficazes atrav\u00e9s da comunica\u00e7\u00e3o orientada por solu\u00e7\u00f5es de chamada de enfermagem, <em>paging<\/em> e preven\u00e7\u00e3o de quedas. Inteligente, f\u00e1cil e projetado \u00e0 medida para bem cuidar.<\/p>\n<p style=\"text-align: center;\">ONLY Smart Care promove o cuidado ao idoso com carater\u00edsticas e benef\u00edcios exclusivos. Fornece um sistema fi\u00e1vel de chamadas e alertas, comunica\u00e7\u00e3o direta, relat\u00f3rios autom\u00e1ticos e, ainda, dispositivos f\u00e1ceis de usar para idosos e profissionais de sa\u00fade.<\/p>\n<p>[\/vc_column_text][\/vc_column][\/vc_row][vc_row section_type=&#8221;fullwidth&#8221; padding_top_multiplier=&#8221;&#8221; padding_bottom_multiplier=&#8221;&#8221; columns_gap=&#8221;none&#8221; equal_column_height=&#8221;middle-content&#8221;][vc_column width=&#8221;1\/2&#8243; css=&#8221;.vc_custom_1521213468500{background-image: url(https:\/\/only-smartbuildings.com\/wp-content\/uploads\/2018\/03\/only-smartcare-00-min-1.jpg?id=17567) !important;background-position: center !important;background-repeat: no-repeat !important;background-size: cover !important;}&#8221;][\/vc_column][vc_column width=&#8221;1\/2&#8243; css=&#8221;.vc_custom_1521199436053{padding-top: 24% !important;padding-right: 14% !important;padding-bottom: 24% !important;padding-left: 14% !important;}&#8221;][vc_row_inner][vc_column_inner css=&#8221;.vc_custom_1518446837095{margin-bottom: 28px !important;}&#8221;]<h2 class=\"grve-element grve-title grve-align-left grve-h1\" style=\"\"><span>Chamada de enfermagem<\/span><\/h2>[\/vc_column_inner][\/vc_row_inner]<div class=\"grve-empty-space grve-height-1x\" style=\"\"><\/div><h2 class=\"grve-element grve-title grve-align-left grve-animated-item grve-duration-normal grve-fade-in-right grve-h1 cor-only grve-increase-heading grve-heading-200\" style=\"\" data-delay=\"100\"><span>O cuidador sempre por perto<\/span><\/h2><div class=\"grve-empty-space\" style=\"height: 20px;\"><\/div>[vc_column_text animation=&#8221;grve-fade-in-right&#8221;]O sistema de chamada permite um alerta volunt\u00e1rio por parte dos pacientes seniores, informando os profissionais em tempo real de quem est\u00e1 a precisar de assist\u00eancia. [\/vc_column_text][\/vc_column][\/vc_row][vc_row section_type=&#8221;fullwidth&#8221; padding_top_multiplier=&#8221;&#8221; padding_bottom_multiplier=&#8221;&#8221; columns_gap=&#8221;none&#8221; equal_column_height=&#8221;middle-content&#8221;][vc_column width=&#8221;1\/2&#8243; css=&#8221;.vc_custom_1521199441114{padding-top: 24% !important;padding-right: 14% !important;padding-bottom: 24% !important;padding-left: 14% !important;background-position: center !important;background-repeat: no-repeat !important;background-size: cover !important;}&#8221;][vc_row_inner][vc_column_inner css=&#8221;.vc_custom_1518446837095{margin-bottom: 28px !important;}&#8221;]<h2 class=\"grve-element grve-title grve-align-left grve-h1\" style=\"\"><span>Integra\u00e7\u00e3o com sistemas baseados em SIP e GSM<\/span><\/h2>[\/vc_column_inner][\/vc_row_inner]<div class=\"grve-empty-space grve-height-1x\" style=\"\"><\/div><h2 class=\"grve-element grve-title grve-align-left grve-animated-item grve-duration-normal grve-fade-in-right grve-h1 cor-only grve-increase-heading grve-heading-200\" style=\"\" data-delay=\"100\"><span>S\u00f3 se pode gerir, o que se pode medir.<\/span><\/h2><div class=\"grve-empty-space\" style=\"height: 20px;\"><\/div>[vc_column_text animation=&#8221;grve-fade-in-right&#8221;]Notifica\u00e7\u00e3o de chamada de alarme diretamente para o telefone m\u00f3vel ou SIP do cuidador. Para efeitos de auditoria e melhoria cont\u00ednua, todos os eventos s\u00e3o registados na base de dados: n\u00famero de chamadas, atendimentos e tempos de resposta.[\/vc_column_text][\/vc_column][vc_column width=&#8221;1\/2&#8243; css=&#8221;.vc_custom_1521213475896{background-image: url(https:\/\/only-smartbuildings.com\/wp-content\/uploads\/2018\/03\/only-smartcare-02-min-1.jpg?id=17568) !important;background-position: center !important;background-repeat: no-repeat !important;background-size: cover !important;}&#8221;][\/vc_column][\/vc_row][vc_row section_type=&#8221;fullwidth&#8221; padding_top_multiplier=&#8221;&#8221; padding_bottom_multiplier=&#8221;&#8221; columns_gap=&#8221;none&#8221; equal_column_height=&#8221;middle-content&#8221;][vc_column width=&#8221;1\/2&#8243; css=&#8221;.vc_custom_1521213492869{background-image: url(https:\/\/only-smartbuildings.com\/wp-content\/uploads\/2018\/03\/only-smartcare-03-min-1.jpg?id=17569) !important;background-position: center !important;background-repeat: no-repeat !important;background-size: cover !important;}&#8221;][\/vc_column][vc_column width=&#8221;1\/2&#8243; css=&#8221;.vc_custom_1521199450440{padding-top: 24% !important;padding-right: 14% !important;padding-bottom: 24% !important;padding-left: 14% !important;}&#8221;][vc_row_inner][vc_column_inner css=&#8221;.vc_custom_1518446837095{margin-bottom: 28px !important;}&#8221;]<h2 class=\"grve-element grve-title grve-align-left grve-h1\" style=\"\"><span>Sensores<\/span><\/h2>[\/vc_column_inner][\/vc_row_inner]<div class=\"grve-empty-space grve-height-1x\" style=\"\"><\/div><h2 class=\"grve-element grve-title grve-align-left grve-animated-item grve-duration-normal grve-fade-in-right grve-h1 cor-only grve-increase-heading grve-heading-200\" style=\"\" data-delay=\"100\"><span>A preven\u00e7\u00e3o \u00e9 sempre a melhor op\u00e7\u00e3o<\/span><\/h2><div class=\"grve-empty-space\" style=\"height: 20px;\"><\/div>[vc_column_text animation=&#8221;grve-fade-in-right&#8221;]O uso de sensores aciona chamadas de alerta, para a\u00e7\u00f5es como \u201csair da cama\u201d, \u201csair da sala\u201d, \u201caceder \u00e1reas restritas\u201d, entre outros. Alertas autom\u00e1ticos s\u00e3o cruciais na r\u00e1pida e eficaz assist\u00eancia aos pacientes, em situa\u00e7\u00f5es que precedem epis\u00f3dios de queda.[\/vc_column_text][\/vc_column][\/vc_row]<\/p>","protected":false},"excerpt":{"rendered":"<p>Has ad laudem impedit assueverit, vim ne corpora invenire. Consul salutatus voluptaria te mei, ei ullum liberavisse usu.<\/p>\n","protected":false},"author":1,"featured_media":13445,"parent":0,"menu_order":0,"comment_status":"closed","ping_status":"closed","template":"","meta":{"footnotes":""},"class_list":["post-17502","page","type-page","status-publish","has-post-thumbnail","hentry"],"aioseo_notices":[],"_links":{"self":[{"href":"https:\/\/only-smartbuildings.com\/pt\/wp-json\/wp\/v2\/pages\/17502","targetHints":{"allow":["GET"]}}],"collection":[{"href":"https:\/\/only-smartbuildings.com\/pt\/wp-json\/wp\/v2\/pages"}],"about":[{"href":"https:\/\/only-smartbuildings.com\/pt\/wp-json\/wp\/v2\/types\/page"}],"author":[{"embeddable":true,"href":"https:\/\/only-smartbuildings.com\/pt\/wp-json\/wp\/v2\/users\/1"}],"replies":[{"embeddable":true,"href":"https:\/\/only-smartbuildings.com\/pt\/wp-json\/wp\/v2\/comments?post=17502"}],"version-history":[{"count":15,"href":"https:\/\/only-smartbuildings.com\/pt\/wp-json\/wp\/v2\/pages\/17502\/revisions"}],"predecessor-version":[{"id":18071,"href":"https:\/\/only-smartbuildings.com\/pt\/wp-json\/wp\/v2\/pages\/17502\/revisions\/18071"}],"wp:featuredmedia":[{"embeddable":true,"href":"https:\/\/only-smartbuildings.com\/pt\/wp-json\/"}],"wp:attachment":[{"href":"https:\/\/only-smartbuildings.com\/pt\/wp-json\/wp\/v2\/media?parent=17502"}],"curies":[{"name":"wp","href":"https:\/\/api.w.org\/{rel}","templated":true}]}}