{"id":17475,"date":"2018-03-15T18:51:51","date_gmt":"2018-03-15T18:51:51","guid":{"rendered":"http:\/\/only.younik.pt\/?page_id=17475"},"modified":"2025-05-29T15:38:48","modified_gmt":"2025-05-29T14:38:48","slug":"mypanel","status":"publish","type":"page","link":"https:\/\/only-smartbuildings.com\/pt\/mypanel\/","title":{"rendered":"myPanel"},"content":{"rendered":"<p>[vc_row padding_top_multiplier=&#8221;6x&#8221; padding_bottom_multiplier=&#8221;6x&#8221; equal_column_height=&#8221;middle-content&#8221; el_class=&#8221;grafismo-fundo-right&#8221;][vc_column vertical_content_position=&#8221;middle&#8221; width=&#8221;1\/2&#8243;]<h2 class=\"grve-element grve-title grve-align-left grve-h1\" style=\"\"><span>Liberdade de escolha<\/span><\/h2><div class=\"grve-empty-space grve-height-1x\" style=\"\"><\/div><h2 class=\"grve-element grve-title grve-align-left grve-animated-item grve-duration-normal grve-fade-in-right grve-h1 cor-only grve-increase-heading grve-heading-200\" style=\"\" data-delay=\"100\"><span>Desenhe<br \/>\no seu painel<\/span><\/h2><div class=\"grve-empty-space\" style=\"height: 20px;\"><\/div>[vc_column_text animation=&#8221;grve-fade-in-right&#8221;]Torne o seu painel exclusivo!<br \/>\nPode personaliz\u00e1-lo ao escolher a cor, textura, \u00edcones preferidos ou mesmo poder\u00e1 dar asas \u00e0 sua inspira\u00e7\u00e3o.[\/vc_column_text]<div class=\"grve-empty-space grve-height-1x\" style=\"\"><\/div><div class=\"grve-element grve-align-left grve-animated-item grve-fade-in-right grve-duration-normal botao-hotel\" data-delay=\"300\"><a href=\"\/simulador\" target=\"_blank\" class=\"grve-btn grve-btn-medium grve-square grve-bg-primary-1 grve-bg-hover-primary-3\"><span>Configurar painel<\/span><\/a><\/div>[\/vc_column][vc_column vertical_content_position=&#8221;middle&#8221; column_effect=&#8221;vertical-parallax&#8221; column_effect_limit=&#8221;5x&#8221; width=&#8221;1\/2&#8243; css=&#8221;.vc_custom_1521141085761{background-image: url(https:\/\/only-smartbuildings.com\/wp-content\/uploads\/2018\/02\/linha-15-01-12.png?id=16531) !important;background-position: center !important;background-repeat: no-repeat !important;background-size: cover !important;}&#8221;][vc_column_text el_class=&#8221;gif-configurador&#8221;]<img loading=\"lazy\" decoding=\"async\" class=\"alignnone size-medium\" src=\"\/wp-content\/uploads\/2018\/03\/Only-config-V05.webp\" width=\"660\" height=\"660\" \/>[\/vc_column_text][\/vc_column][\/vc_row][vc_row][vc_column]<div class=\"grve-empty-space grve-height-3x\" style=\"\"><\/div>[\/vc_column][\/vc_row]<\/p>","protected":false},"excerpt":{"rendered":"<p>Has ad laudem impedit assueverit, vim ne corpora invenire. Consul salutatus voluptaria te mei, ei ullum liberavisse usu.<\/p>\n","protected":false},"author":1,"featured_media":13445,"parent":0,"menu_order":0,"comment_status":"closed","ping_status":"closed","template":"","meta":{"footnotes":""},"class_list":["post-17475","page","type-page","status-publish","has-post-thumbnail","hentry"],"aioseo_notices":[],"_links":{"self":[{"href":"https:\/\/only-smartbuildings.com\/pt\/wp-json\/wp\/v2\/pages\/17475","targetHints":{"allow":["GET"]}}],"collection":[{"href":"https:\/\/only-smartbuildings.com\/pt\/wp-json\/wp\/v2\/pages"}],"about":[{"href":"https:\/\/only-smartbuildings.com\/pt\/wp-json\/wp\/v2\/types\/page"}],"author":[{"embeddable":true,"href":"https:\/\/only-smartbuildings.com\/pt\/wp-json\/wp\/v2\/users\/1"}],"replies":[{"embeddable":true,"href":"https:\/\/only-smartbuildings.com\/pt\/wp-json\/wp\/v2\/comments?post=17475"}],"version-history":[{"count":34,"href":"https:\/\/only-smartbuildings.com\/pt\/wp-json\/wp\/v2\/pages\/17475\/revisions"}],"predecessor-version":[{"id":20695,"href":"https:\/\/only-smartbuildings.com\/pt\/wp-json\/wp\/v2\/pages\/17475\/revisions\/20695"}],"wp:featuredmedia":[{"embeddable":true,"href":"https:\/\/only-smartbuildings.com\/pt\/wp-json\/"}],"wp:attachment":[{"href":"https:\/\/only-smartbuildings.com\/pt\/wp-json\/wp\/v2\/media?parent=17475"}],"curies":[{"name":"wp","href":"https:\/\/api.w.org\/{rel}","templated":true}]}}