{"id":17269,"date":"2018-03-13T14:54:21","date_gmt":"2018-03-13T14:54:21","guid":{"rendered":"http:\/\/only.younik.pt\/?page_id=17269"},"modified":"2021-08-05T08:46:03","modified_gmt":"2021-08-05T07:46:03","slug":"beonly","status":"publish","type":"page","link":"https:\/\/only-smartbuildings.com\/pt\/beonly\/","title":{"rendered":"BeOnly"},"content":{"rendered":"<p>[vc_row padding_top_multiplier=&#8221;6x&#8221; padding_bottom_multiplier=&#8221;6x&#8221;][vc_column]<div class=\"grve-element grve-image grve-align-center\" style=\"\">  <div class=\"grve-image-wrapper\"><img loading=\"lazy\" decoding=\"async\" width=\"323\" height=\"91\" src=\"https:\/\/only-smartbuildings.com\/wp-content\/uploads\/2021\/08\/Be-Only-02.png\" class=\"attachment-full size-full\" alt=\"\" srcset=\"https:\/\/only-smartbuildings.com\/wp-content\/uploads\/2021\/08\/Be-Only-02.png 323w, https:\/\/only-smartbuildings.com\/wp-content\/uploads\/2021\/08\/Be-Only-02-300x85.png 300w\" sizes=\"auto, (max-width: 323px) 100vw, 323px\" \/>   <\/div><\/div><div class=\"grve-empty-space grve-height-2x\" style=\"\"><\/div><h3 class=\"grve-element grve-title grve-align-center grve-h3 grve-increase-heading grve-heading-160\" style=\"\"><span>Intuitiva e interativa<\/span><\/h3><div class=\"grve-empty-space\" style=\"height: 20px;\"><\/div>[vc_column_text]<\/p>\n<p style=\"text-align: center;\">A APP BeONLY \u00e9 a sua ferramenta pessoal para controlo absoluto da sua smart home a partir do tablet, smartphone ou computador.<br \/>\nA aplica\u00e7\u00e3o permite criar conforto e efici\u00eancia energ\u00e9tica para que possa usufruir ao m\u00e1ximo da sua casa inteligente.<\/p>\n<p style=\"text-align: center;\"><strong>\u00c9 o lado vis\u00edvel do servidor D-WSX1. <\/strong><\/p>\n<p>[\/vc_column_text][\/vc_column][\/vc_row][vc_row heading_color=&#8221;light&#8221; section_type=&#8221;fullwidth&#8221; bg_type=&#8221;image&#8221; bg_image=&#8221;19761&#8243; bg_image_type=&#8221;fixed&#8221; bg_image_size=&#8221;full&#8221; opacity_overlay=&#8221;20&#8243; padding_top_multiplier=&#8221;&#8221; padding_bottom_multiplier=&#8221;&#8221; columns_gap=&#8221;none&#8221; equal_column_height=&#8221;equal-column&#8221; parallax_sensor=&#8221;350&#8243;][vc_column css=&#8221;.vc_custom_1521546778078{margin-top: 0px !important;margin-bottom: 0px !important;padding-top: 0px !important;padding-right: 14px !important;padding-bottom: 0px !important;padding-left: 14px !important;}&#8221;]<div class=\"grve-empty-space grve-height-6x\" style=\"\"><\/div><h2 class=\"grve-element grve-title grve-align-center grve-h2 grve-increase-heading grve-heading-160\" style=\"\"><span>Uma empolgante experi\u00eancia tecnol\u00f3gica<br \/>\nrumo ao conforto, seguran\u00e7a e efici\u00eancia energ\u00e9tica.<\/span><\/h2><div class=\"grve-empty-space grve-height-6x\" style=\"\"><\/div>[\/vc_column][\/vc_row][vc_row padding_top_multiplier=&#8221;6x&#8221; padding_bottom_multiplier=&#8221;6x&#8221;][vc_column width=&#8221;1\/2&#8243;]<h2 class=\"grve-element grve-title grve-align-left grve-h1\" style=\"\"><span>Integra\u00e7\u00e3o Web Server<\/span><\/h2><div class=\"grve-empty-space grve-height-1x\" style=\"\"><\/div><h2 class=\"grve-element grve-title grve-align-left grve-h1 cor-only grve-increase-heading grve-heading-200\" style=\"\"><span>O gestor estrat\u00e9gico<\/span><\/h2><div class=\"grve-empty-space\" style=\"height: 20px;\"><\/div>[vc_column_text]<\/p>\n<p class=\"p1\"><span class=\"s1\">O servidor D-WSX1 \u00e9 o gestor da sua Smart Home que lhe permite atrav\u00e9s da APP BeOnly, configurar as suas prefer\u00eancias e controlar o seu sistema.\u00a0<\/span><\/p>\n<p class=\"p1\"><span class=\"s1\">Assim, n\u00e3o fique surpreendido se, por exemplo, receber uma notifica\u00e7\u00e3o da APP BeOnly, acerca da climatiza\u00e7\u00e3o. O sistema estar\u00e1 permanentemente \u00e0 procura do seu melhor conforto e seguran\u00e7a sem, no entanto, negligenciar o consumo energ\u00e9tico.<\/span><\/p>\n<p>[\/vc_column_text][\/vc_column][vc_column width=&#8221;1\/2&#8243;]<div class=\"grve-element grve-image grve-align-center\" style=\"\">  <div class=\"grve-image-wrapper\"><img loading=\"lazy\" decoding=\"async\" width=\"1418\" height=\"1126\" src=\"https:\/\/only-smartbuildings.com\/wp-content\/uploads\/2018\/03\/Smart-home-infographic-19.png\" class=\"attachment-full size-full\" alt=\"\" srcset=\"https:\/\/only-smartbuildings.com\/wp-content\/uploads\/2018\/03\/Smart-home-infographic-19.png 1418w, https:\/\/only-smartbuildings.com\/wp-content\/uploads\/2018\/03\/Smart-home-infographic-19-300x238.png 300w, https:\/\/only-smartbuildings.com\/wp-content\/uploads\/2018\/03\/Smart-home-infographic-19-768x610.png 768w, https:\/\/only-smartbuildings.com\/wp-content\/uploads\/2018\/03\/Smart-home-infographic-19-1024x813.png 1024w, https:\/\/only-smartbuildings.com\/wp-content\/uploads\/2018\/03\/Smart-home-infographic-19-600x476.png 600w\" sizes=\"auto, (max-width: 1418px) 100vw, 1418px\" \/>   <\/div><\/div>[\/vc_column][\/vc_row][vc_row heading_color=&#8221;light&#8221; section_type=&#8221;fullwidth&#8221; bg_type=&#8221;image&#8221; bg_image=&#8221;19761&#8243; bg_image_type=&#8221;fixed&#8221; bg_image_size=&#8221;full&#8221; padding_top_multiplier=&#8221;6x&#8221; padding_bottom_multiplier=&#8221;6x&#8221; columns_gap=&#8221;none&#8221; equal_column_height=&#8221;equal-column&#8221; mobile_equal_column_height=&#8221;false&#8221; parallax_sensor=&#8221;350&#8243; font_color=&#8221;#ffffff&#8221;][vc_column width=&#8221;1\/3&#8243; css=&#8221;.vc_custom_1521546850404{border-right-width: 1px !important;padding-right: 14% !important;padding-left: 14% !important;border-right-color: #ffffff !important;border-right-style: solid !important;}&#8221; el_class=&#8221;sem-border-col&#8221;]<div class=\"grve-empty-space grve-height-1x\" style=\"\"><\/div><h3 class=\"grve-element grve-title grve-align-left grve-h3 grve-increase-heading grve-heading-160\" style=\"\"><span>Como funciona<\/span><\/h3>[vc_column_text]O m\u00f3dulo D-WSX1 \u00e9 um servidor complementar ao sistema ONLY smart home que deteta automaticamente os equipamentos ONLY instalados, permite a comunica\u00e7\u00e3o com outras tecnologias, sensores, v\u00eddeo porteiro, fechaduras inteligentes, c\u00e2maras de v\u00eddeo, esta\u00e7\u00f5es meteorol\u00f3gicas, sistemas de comando, etc.<br \/>\nInclui processamento complexo de dados para a cria\u00e7\u00e3o de eventos autom\u00e1ticos e gest\u00e3o das rotinas do dia a dia, tais como aquecimento\/arrefecimento, luzes, estores, rega, etc. que se configuram atrav\u00e9s da APP BeOnly, definindo assim os comportamentos preferidos do sistema.[\/vc_column_text]<div class=\"grve-empty-space grve-height-1x\" style=\"\"><\/div>[\/vc_column][vc_column width=&#8221;1\/3&#8243; css=&#8221;.vc_custom_1521546855365{border-right-width: 1px !important;padding-right: 14% !important;padding-left: 14% !important;border-right-color: #ffffff !important;border-right-style: solid !important;}&#8221; el_class=&#8221;sem-border-col&#8221;]<div class=\"grve-empty-space grve-height-1x\" style=\"\"><\/div><h3 class=\"grve-element grve-title grve-align-left grve-h3 grve-increase-heading grve-heading-160\" style=\"\"><span>\u00a0<\/span><\/h3>[vc_column_text]Ap\u00f3s definir as suas configura\u00e7\u00f5es preferidas de conforto e efici\u00eancia, o servidor D-WSX1 garante-lhe as condi\u00e7\u00f5es de bem-estar adequadas, mantendo o baixo consumo.<\/p>\n<p>O servidor D-WSX1 inclui comunica\u00e7\u00f5es com seguran\u00e7a TLS e acesso condicionado por palavra-passe, para cada utilizador, assegurando a prote\u00e7\u00e3o do sistema.[\/vc_column_text]<div class=\"grve-empty-space grve-height-1x\" style=\"\"><\/div>[\/vc_column][vc_column width=&#8221;1\/3&#8243; css=&#8221;.vc_custom_1521139643042{padding-right: 14% !important;padding-left: 14% !important;}&#8221;]<div class=\"grve-empty-space grve-height-1x\" style=\"\"><\/div><h3 class=\"grve-element grve-title grve-align-left grve-h3 grve-increase-heading grve-heading-160\" style=\"\"><span>Onde instalar<\/span><\/h3>[vc_column_text]<\/p>\n<p class=\"p1\"><span class=\"s1\">Instala-se numa zona t\u00e9cnica. Energia el\u00e9trica, BUS de comunica\u00e7\u00e3o e acesso LAN \u00e9 tudo o que \u00e9 necess\u00e1rio.<\/span><\/p>\n<p>[\/vc_column_text]<div class=\"grve-empty-space grve-height-2x\" style=\"\"><\/div><h3 class=\"grve-element grve-title grve-align-left grve-h3 grve-increase-heading grve-heading-160\" style=\"\"><span>Compatibilidade<\/span><\/h3>[vc_column_text]A ONLY trabalha diariamente para suportar novos protocolos de comunica\u00e7\u00e3o. Al\u00e9m do ONLY BUS, o servidor D-WSX1 suporta* Z-Wave, MODBUS, IP e outros protocolos de terceiros.[\/vc_column_text]<div class=\"grve-empty-space grve-height-1x\" style=\"\"><\/div>[\/vc_column][\/vc_row]<\/p>","protected":false},"excerpt":{"rendered":"<p>Has ad laudem impedit assueverit, vim ne corpora invenire. Consul salutatus voluptaria te mei, ei ullum liberavisse usu.<\/p>\n","protected":false},"author":1,"featured_media":13445,"parent":0,"menu_order":0,"comment_status":"closed","ping_status":"closed","template":"","meta":{"footnotes":""},"class_list":["post-17269","page","type-page","status-publish","has-post-thumbnail","hentry"],"aioseo_notices":[],"_links":{"self":[{"href":"https:\/\/only-smartbuildings.com\/pt\/wp-json\/wp\/v2\/pages\/17269","targetHints":{"allow":["GET"]}}],"collection":[{"href":"https:\/\/only-smartbuildings.com\/pt\/wp-json\/wp\/v2\/pages"}],"about":[{"href":"https:\/\/only-smartbuildings.com\/pt\/wp-json\/wp\/v2\/types\/page"}],"author":[{"embeddable":true,"href":"https:\/\/only-smartbuildings.com\/pt\/wp-json\/wp\/v2\/users\/1"}],"replies":[{"embeddable":true,"href":"https:\/\/only-smartbuildings.com\/pt\/wp-json\/wp\/v2\/comments?post=17269"}],"version-history":[{"count":63,"href":"https:\/\/only-smartbuildings.com\/pt\/wp-json\/wp\/v2\/pages\/17269\/revisions"}],"predecessor-version":[{"id":19772,"href":"https:\/\/only-smartbuildings.com\/pt\/wp-json\/wp\/v2\/pages\/17269\/revisions\/19772"}],"wp:featuredmedia":[{"embeddable":true,"href":"https:\/\/only-smartbuildings.com\/pt\/wp-json\/"}],"wp:attachment":[{"href":"https:\/\/only-smartbuildings.com\/pt\/wp-json\/wp\/v2\/media?parent=17269"}],"curies":[{"name":"wp","href":"https:\/\/api.w.org\/{rel}","templated":true}]}}