{"id":17012,"date":"2018-03-07T12:06:12","date_gmt":"2018-03-07T12:06:12","guid":{"rendered":"http:\/\/only.younik.pt\/?page_id=17012"},"modified":"2022-01-05T10:25:10","modified_gmt":"2022-01-05T10:25:10","slug":"wallpanels","status":"publish","type":"page","link":"https:\/\/only-smartbuildings.com\/pt\/wallpanels\/","title":{"rendered":"Pain\u00e9is de Parede"},"content":{"rendered":"<p>[vc_row heading_color=&#8221;primary-1&#8243; padding_top_multiplier=&#8221;6x&#8221; padding_bottom_multiplier=&#8221;&#8221; columns_gap=&#8221;none&#8221; equal_column_height=&#8221;middle-content&#8221;][vc_column vertical_content_position=&#8221;middle&#8221; css=&#8221;.vc_custom_1520354880855{background-position: center !important;background-repeat: no-repeat !important;background-size: cover !important;}&#8221;]<h3 class=\"grve-element grve-title grve-align-left grve-h3 grve-increase-heading grve-heading-200\" style=\"\"><span>Only Touch<\/span><\/h3><div class=\"grve-element grve-divider grve-align-left\" style=\"\"><span class=\"grve-custom-divider grve-bg-primary-1\" style=\"width: 100%;height: 1px;\"><\/span><\/div>[\/vc_column][\/vc_row][vc_row heading_color=&#8221;primary-1&#8243; padding_top_multiplier=&#8221;&#8221; padding_bottom_multiplier=&#8221;3x&#8221; columns_gap=&#8221;60&#8243; equal_column_height=&#8221;middle-content&#8221;][vc_column width=&#8221;1\/4&#8243; css=&#8221;.vc_custom_1521542666102{margin-top: 62px !important;margin-bottom: 32px !important;background-position: center !important;background-repeat: no-repeat !important;background-size: cover !important;}&#8221;]<div class=\"grve-empty-space grve-height-1x\" style=\"\"><\/div><h2 class=\"grve-element grve-title grve-align-left grve-h2\" style=\"\"><span><span style=\"font-weight: 600;\">Controlo Suave <\/span><br \/>\nUm toque subtil para um controlo sereno.<\/span><\/h2><div class=\"grve-element grve-divider grve-align-left\" style=\"padding-top: 20px;padding-bottom: 40px;\"><span class=\"grve-custom-divider grve-bg-primary-3\" style=\"width: 100%;height: 1px;\"><\/span><\/div>[vc_column_text]<strong>Modelos ONLY TOUCH<\/strong><br \/>\nO painel t\u00e1til da ONLY com feedback ac\u00fastico e visual. \u00c9 o painel de maior sucesso da ONLY pelo seu design minimalista.<br \/>\n1 a 9 bot\u00f5es t\u00e1teis.<br \/>\nPersonaliza\u00e7\u00e3o de s\u00edmbolos e cores (exceto acabamento met\u00e1lico).[\/vc_column_text]<div class=\"grve-empty-space grve-height-1x\" style=\"\"><\/div>[\/vc_column][vc_column width=&#8221;3\/4&#8243;][rev_slider_vc alias=&#8221;onlytouch&#8221;][\/vc_column][\/vc_row][vc_row heading_color=&#8221;primary-1&#8243; padding_top_multiplier=&#8221;&#8221; padding_bottom_multiplier=&#8221;&#8221; columns_gap=&#8221;none&#8221; equal_column_height=&#8221;middle-content&#8221;][vc_column vertical_content_position=&#8221;middle&#8221; css=&#8221;.vc_custom_1520354880855{background-position: center !important;background-repeat: no-repeat !important;background-size: cover !important;}&#8221;]<h3 class=\"grve-element grve-title grve-align-left grve-h3 grve-increase-heading grve-heading-200\" style=\"\"><span>Only Click<\/span><\/h3><div class=\"grve-element grve-divider grve-align-left\" style=\"\"><span class=\"grve-custom-divider grve-bg-primary-1\" style=\"width: 100%;height: 1px;\"><\/span><\/div>[\/vc_column][\/vc_row][vc_row heading_color=&#8221;primary-1&#8243; padding_top_multiplier=&#8221;&#8221; padding_bottom_multiplier=&#8221;3x&#8221; columns_gap=&#8221;60&#8243; equal_column_height=&#8221;middle-content&#8221;][vc_column width=&#8221;1\/4&#8243; css=&#8221;.vc_custom_1520438602190{background-position: center !important;background-repeat: no-repeat !important;background-size: cover !important;}&#8221;]<h2 class=\"grve-element grve-title grve-align-left grve-h2\" style=\"\"><span><span style=\"font-weight: 600;\">Prazer Intemporal <\/span><br \/>\npara quem gosta da sensa\u00e7\u00e3o \u201cclick\u201d da tecla.<\/span><\/h2><div class=\"grve-element grve-divider grve-align-left\" style=\"padding-top: 20px;padding-bottom: 40px;\"><span class=\"grve-custom-divider grve-bg-primary-3\" style=\"width: 100%;height: 1px;\"><\/span><\/div>[vc_column_text]<strong>Modelos ONLY CLICK<\/strong><br \/>\nPainel ONLY com teclado \u201cclick\u201d tradicional.<br \/>\n4 teclas de press\u00e3o, 8 fun\u00e7\u00f5es.<br \/>\nCustomiza\u00e7\u00e3o de s\u00edmbolos e cores, incluindo revestimentos met\u00e1licos.[\/vc_column_text][\/vc_column][vc_column width=&#8221;3\/4&#8243;][rev_slider_vc alias=&#8221;only-click&#8221;][\/vc_column][\/vc_row][vc_row heading_color=&#8221;primary-1&#8243; padding_top_multiplier=&#8221;&#8221; padding_bottom_multiplier=&#8221;&#8221; columns_gap=&#8221;none&#8221; equal_column_height=&#8221;middle-content&#8221;][vc_column vertical_content_position=&#8221;middle&#8221; css=&#8221;.vc_custom_1520354880855{background-position: center !important;background-repeat: no-repeat !important;background-size: cover !important;}&#8221;]<h3 class=\"grve-element grve-title grve-align-left grve-h3 grve-increase-heading grve-heading-200\" style=\"\"><span>Only Wave<\/span><\/h3><div class=\"grve-element grve-divider grve-align-left\" style=\"\"><span class=\"grve-custom-divider grve-bg-primary-1\" style=\"width: 100%;height: 1px;\"><\/span><\/div>[\/vc_column][\/vc_row][vc_row heading_color=&#8221;primary-1&#8243; padding_top_multiplier=&#8221;&#8221; padding_bottom_multiplier=&#8221;3x&#8221; columns_gap=&#8221;60&#8243; equal_column_height=&#8221;equal-column&#8221;][vc_column width=&#8221;1\/4&#8243; css=&#8221;.vc_custom_1520433292656{background-position: center !important;background-repeat: no-repeat !important;background-size: cover !important;}&#8221;]<div class=\"grve-empty-space grve-height-2x\" style=\"\"><\/div><h2 class=\"grve-element grve-title grve-align-left grve-h2\" style=\"\"><span><span style=\"font-weight: 600;\">Tecnologia de Ponta<\/span><br \/>\nSem \u201cclick\u201d, sem toque, basta acenar para cima, para baixo, para a esquerda ou para a direita. Como em tantas outras coisas na vida, tudo que precisa fazer \u00e9\u2026 acenar!<\/span><\/h2><div class=\"grve-element grve-divider grve-align-left\" style=\"padding-top: 20px;padding-bottom: 40px;\"><span class=\"grve-custom-divider grve-bg-primary-3\" style=\"width: 100%;height: 1px;\"><\/span><\/div>[vc_column_text]<strong>Modelos ONLY WAVE<\/strong><br \/>\nUm novo paradigma de intera\u00e7\u00e3o. Sem bot\u00f5es. \u00c9 a forma como movemos as m\u00e3os em frente ao painel que estimula uma a\u00e7\u00e3o individual.<br \/>\nPersonaliza\u00e7\u00e3o de s\u00edmbolos e cores (exceto acabamento met\u00e1lico).[\/vc_column_text][\/vc_column][vc_column width=&#8221;3\/4&#8243;][rev_slider_vc alias=&#8221;only-wave&#8221;][\/vc_column][\/vc_row][vc_row padding_bottom_multiplier=&#8221;6x&#8221;][vc_column]<div class=\"grve-element grve-divider grve-align-left\" style=\"padding-top: 20px;padding-bottom: 40px;\"><span class=\"grve-custom-divider grve-bg-primary-1\" style=\"width: 100%;height: 1px;\"><\/span><\/div>[vc_row_inner][vc_column_inner width=&#8221;1\/2&#8243;][vc_column_text]<strong>O que faz o painel ONLY? <\/strong><br \/>\nPermite que por cada bot\u00e3o ou gesto desencadeie uma a\u00e7\u00e3o:<br \/>\nLIGAR, DESLIGAR, INVERTER, LIGAR TEMPORIZADO, LIGAR ATRASADO, CEN\u00c1RIO[\/vc_column_text][\/vc_column_inner][vc_column_inner width=&#8221;1\/2&#8243;][vc_column_text]<strong> Onde instalar<\/strong><br \/>\nNa parede, encaixado sobre qualquer m\u00f3dulo de parede (atuadores modelo C) \u00e0 exce\u00e7\u00e3o dos m\u00f3dulos de \u00e1udio e climatiza\u00e7\u00e3o que requerem um painel com <em>display<\/em> OLED.[\/vc_column_text][\/vc_column_inner][\/vc_row_inner]<div class=\"grve-empty-space grve-height-1x\" style=\"\"><\/div>[\/vc_column][\/vc_row]<\/p>","protected":false},"excerpt":{"rendered":"<p>Has ad laudem impedit assueverit, vim ne corpora invenire. Consul salutatus voluptaria te mei, ei ullum liberavisse usu.<\/p>\n","protected":false},"author":1,"featured_media":13445,"parent":0,"menu_order":0,"comment_status":"closed","ping_status":"closed","template":"","meta":{"footnotes":""},"class_list":["post-17012","page","type-page","status-publish","has-post-thumbnail","hentry"],"aioseo_notices":[],"_links":{"self":[{"href":"https:\/\/only-smartbuildings.com\/pt\/wp-json\/wp\/v2\/pages\/17012","targetHints":{"allow":["GET"]}}],"collection":[{"href":"https:\/\/only-smartbuildings.com\/pt\/wp-json\/wp\/v2\/pages"}],"about":[{"href":"https:\/\/only-smartbuildings.com\/pt\/wp-json\/wp\/v2\/types\/page"}],"author":[{"embeddable":true,"href":"https:\/\/only-smartbuildings.com\/pt\/wp-json\/wp\/v2\/users\/1"}],"replies":[{"embeddable":true,"href":"https:\/\/only-smartbuildings.com\/pt\/wp-json\/wp\/v2\/comments?post=17012"}],"version-history":[{"count":64,"href":"https:\/\/only-smartbuildings.com\/pt\/wp-json\/wp\/v2\/pages\/17012\/revisions"}],"predecessor-version":[{"id":19832,"href":"https:\/\/only-smartbuildings.com\/pt\/wp-json\/wp\/v2\/pages\/17012\/revisions\/19832"}],"wp:featuredmedia":[{"embeddable":true,"href":"https:\/\/only-smartbuildings.com\/pt\/wp-json\/"}],"wp:attachment":[{"href":"https:\/\/only-smartbuildings.com\/pt\/wp-json\/wp\/v2\/media?parent=17012"}],"curies":[{"name":"wp","href":"https:\/\/api.w.org\/{rel}","templated":true}]}}