{"id":16926,"date":"2018-03-06T11:51:02","date_gmt":"2018-03-06T11:51:02","guid":{"rendered":"http:\/\/only-smartbuildings.com\/?page_id=16926"},"modified":"2022-01-05T10:17:15","modified_gmt":"2022-01-05T10:17:15","slug":"technology","status":"publish","type":"page","link":"https:\/\/only-smartbuildings.com\/pt\/technology\/","title":{"rendered":"Tecnologia"},"content":{"rendered":"<p>[vc_row padding_top_multiplier=&#8221;6x&#8221; padding_bottom_multiplier=&#8221;6x&#8221; columns_gap=&#8221;none&#8221;][vc_column]<h2 class=\"grve-element grve-title grve-align-center grve-h1 cor-only grve-increase-heading grve-heading-200\" style=\"\"><span>A nossa tecnologia.<br \/>\n<span style=\"font-weight: 500;\">O seu controlo.<\/span><\/span><\/h2><div class=\"grve-empty-space\" style=\"height: 20px;\"><\/div>[vc_column_text]<\/p>\n<p class=\"p1\" style=\"text-align: center;\"><span class=\"s1\">Est\u00e9tica minimalista, componentes exclusivos<br \/>\ne engenharia de excel\u00eancia fundem-se numa solu\u00e7\u00e3o tecnol\u00f3gica plena de impressionantes funcionalidades e detalhes \u00fanicos.<\/span><\/p>\n<p class=\"p1\" style=\"text-align: center;\"><span class=\"s1\">Muito mais do que uma tecnologia de \u00faltima gera\u00e7\u00e3o, ONLY \u00e9 automa\u00e7\u00e3o residencial totalmente dedicada a si.<\/span><\/p>\n<p class=\"p1\" style=\"text-align: center;\"><span class=\"s1\">Privacidade total e possibilidades infinitas de personaliza\u00e7\u00e3o, tornam ONLY uma escolha verdadeiramente pessoal.<br \/>\nUm manifesto de sofistica\u00e7\u00e3o para casas \u00fanicas e exclusivas.<\/span><\/p>\n<p>[\/vc_column_text][\/vc_column][\/vc_row][vc_row bg_type=&#8221;image&#8221; bg_image=&#8221;17078&#8243; bg_image_type=&#8221;parallax&#8221; padding_top_multiplier=&#8221;&#8221; padding_bottom_multiplier=&#8221;&#8221; columns_gap=&#8221;none&#8221; equal_column_height=&#8221;middle-content&#8221;][vc_column vertical_content_position=&#8221;middle&#8221; css=&#8221;.vc_custom_1520354880855{background-position: center !important;background-repeat: no-repeat !important;background-size: cover !important;}&#8221;][rev_slider_vc alias=&#8221;painel-draft&#8221; el_class=&#8221;painel-after-before&#8221;][\/vc_column][\/vc_row][vc_row padding_top_multiplier=&#8221;6x&#8221; padding_bottom_multiplier=&#8221;6x&#8221; columns_gap=&#8221;60&#8243;][vc_column width=&#8221;1\/2&#8243;]<h3 class=\"grve-element grve-title grve-align-left grve-h3 cor-only grve-increase-heading grve-heading-160\" style=\"\"><span>O lado invis\u00edvel<\/span><\/h3><div class=\"grve-empty-space grve-height-1x\" style=\"\"><\/div><h2 class=\"grve-element grve-title grve-align-left grve-h1\" style=\"\"><span><img loading=\"lazy\" decoding=\"async\" class=\"icon-home-seg alignnone wp-image-17901 size-full\" src=\"https:\/\/only-smartbuildings.com\/wp-content\/uploads\/2018\/03\/Icones_Actuators-1.png\" alt=\"\" width=\"45\" height=\"45\" \/> Atuadores, dispositivos de sa\u00edda<\/span><\/h2><div class=\"grve-empty-space grve-height-1x\" style=\"\"><\/div>[vc_column_text]Dispositivos atuadores por rel\u00e9 ou transistor controlam a luz, ambiente, temperatura e as suas m\u00fasicas favoritas.<br \/>\nOs m\u00f3dulos, vers\u00e3o de parede, s\u00e3o instalados na tradicional caixa de interruptor sendo a solu\u00e7\u00e3o ideal para projetos de reabilita\u00e7\u00e3o e renova\u00e7\u00e3o.<br \/>\nOs pain\u00e9is de teclado s\u00e3o encaixados sobre os m\u00f3dulos de parede, independentemente da funcionalidade do m\u00f3dulo. Qualquer painel de teclado pode ser encaixado em qualquer m\u00f3dulo de parede.<br \/>\nPara uma automa\u00e7\u00e3o centralizada, a vers\u00e3o calha DIN para quadro el\u00e9trico \u00e9 a melhor op\u00e7\u00e3o.[\/vc_column_text]<div class=\"grve-empty-space grve-height-2x\" style=\"\"><\/div><h2 class=\"grve-element grve-title grve-align-left grve-h1\" style=\"\"><span><img loading=\"lazy\" decoding=\"async\" class=\"icon-home-seg alignnone wp-image-17900 size-full\" src=\"https:\/\/only-smartbuildings.com\/wp-content\/uploads\/2018\/03\/ICONES_WIFI-1.png\" alt=\"\" width=\"45\" height=\"45\" \/>Servidor D-WX1<\/span><\/h2><div class=\"grve-empty-space grve-height-1x\" style=\"\"><\/div>[vc_column_text]A decis\u00e3o se o servidor D-WSX1 \u00e9 vis\u00edvel ou n\u00e3o, \u00e9 sua.\u00a0O servidor D-WSX1 \u00e9 disponibilizado\u00a0com um design alinhado com a gama de produtos\u00a0 ONLY, numa vers\u00e3o t\u00e9cnica para instalar no\u00a0 quadro el\u00e9trico.[\/vc_column_text]<div class=\"grve-empty-space grve-height-2x\" style=\"\"><\/div><h2 class=\"grve-element grve-title grve-align-left grve-h1\" style=\"\"><span><img loading=\"lazy\" decoding=\"async\" class=\"icon-home-seg alignnone wp-image-17265 size-full\" src=\"https:\/\/only-smartbuildings.com\/wp-content\/uploads\/2018\/03\/Asset-16.png\" alt=\"\" width=\"46\" height=\"46\" \/>Modularidade<\/span><\/h2><div class=\"grve-empty-space grve-height-1x\" style=\"\"><\/div>[vc_column_text]Os pain\u00e9is de parede com bot\u00f5es e <em>display<\/em> s\u00e3o totalmente independentes dos equipamentos onde s\u00e3o instalados. Um painel t\u00e1til com 9 sensores pode ser instalado num atuador de duas sa\u00eddas e os bot\u00f5es deste podem ser utilizados para controlar qualquer outro atuador da ONLY. Pode escolher o modelo do painel em fun\u00e7\u00e3o de cada espa\u00e7o, das suas necessidades e gostos pessoais, independentemente dos m\u00f3dulos encastrados na parede. A flexibilidade \u00e9 total ao permitir que os atuadores sejam instalados muito antes de estarem definidos os pain\u00e9is que ficar\u00e3o vis\u00edveis.[\/vc_column_text]<div class=\"grve-empty-space grve-height-2x\" style=\"\"><\/div><h2 class=\"grve-element grve-title grve-align-left grve-h1\" style=\"\"><span><img loading=\"lazy\" decoding=\"async\" class=\"icon-home-seg alignnone wp-image-17898 size-full\" src=\"https:\/\/only-smartbuildings.com\/wp-content\/uploads\/2018\/03\/ICONES.png\" alt=\"\" width=\"45\" height=\"45\" \/>BUS de comunica\u00e7\u00e3o<\/span><\/h2><div class=\"grve-empty-space grve-height-1x\" style=\"\"><\/div>[vc_column_text]A infraestrutura de comunica\u00e7\u00e3o da ONLY Smart Home \u00e9 baseada na tecnologia CAN. O BUS da ONLY \u00e9 instalado adicionando apenas um fio el\u00e9trico, de igual se\u00e7\u00e3o, garantindo uma solu\u00e7\u00e3o extremamente fi\u00e1vel e com custos de instala\u00e7\u00e3o significativamente baixos. Apesar de invis\u00edvel, o BUS da ONLY \u00e9 outro dos motivos da solidez ONLY Smart Home.[\/vc_column_text][\/vc_column][vc_column width=&#8221;1\/2&#8243;]<h3 class=\"grve-element grve-title grve-align-left grve-h3 cor-only grve-increase-heading grve-heading-160\" style=\"\"><span>O lado vis\u00edvel<\/span><\/h3><div class=\"grve-empty-space grve-height-1x\" style=\"\"><\/div><h2 class=\"grve-element grve-title grve-align-left grve-h1\" style=\"\"><span><img loading=\"lazy\" decoding=\"async\" class=\"icon-home-seg alignnone wp-image-17252 size-full\" src=\"https:\/\/only-smartbuildings.com\/wp-content\/uploads\/2018\/03\/painel.png\" alt=\"\" width=\"46\" height=\"46\" \/>Pain\u00e9is de parede<\/span><\/h2><div class=\"grve-empty-space grve-height-1x\" style=\"\"><\/div>[vc_column_text]Design minimalista, com <em>beep<\/em> subtil e luz led suave para uma intera\u00e7\u00e3o sensorial ou com fun\u00e7\u00f5es adicionais tal como um ecr\u00e3 OLED para acesso imediato \u00e0 programa\u00e7\u00e3o. Flexibilidade nas cores, texturas e materiais \u2013 policarbonato, madeira, pedra, vidro, metal \u2013 ou totalmente oculto no revestimento da parede. In\u00fameras op\u00e7\u00f5es de \u00edcones para personaliza\u00e7\u00e3o absoluta com recurso a simulador online.<br \/>\nEm projetos de grande escala \u00e9 tamb\u00e9m poss\u00edvel personalizar o logotipo.[\/vc_column_text]<div class=\"grve-empty-space grve-height-2x\" style=\"\"><\/div><h2 class=\"grve-element grve-title grve-align-left grve-h1\" style=\"\"><span><img loading=\"lazy\" decoding=\"async\" class=\"icon-home-seg alignnone wp-image-17903 size-full\" src=\"https:\/\/only-smartbuildings.com\/wp-content\/uploads\/2018\/03\/Icones_APP-1.png\" alt=\"\" width=\"45\" height=\"45\" \/>APP BeONLY<\/span><\/h2><div class=\"grve-empty-space grve-height-1x\" style=\"\"><\/div>[vc_column_text]Intuitiva, simples e simultaneamente t\u00e3o completa nas funcionalidades que oferece. Com a APP BeONLY, tem todo o poder da automa\u00e7\u00e3o na palma das m\u00e3os. Uma empolgante experi\u00eancia tecnol\u00f3gica rumo ao conforto, seguran\u00e7a e efici\u00eancia energ\u00e9tica.<br \/>\nControlo em tempo real, programa\u00e7\u00e3o de cen\u00e1rios e eventos, v\u00eddeo porteiro, fechadura inteligente, entre tantas outras funcionalidades. Tudo vis\u00edvel incluindo informa\u00e7\u00e3o sobre o consumo energ\u00e9tico e estimativa do valor da pr\u00f3xima fatura. Escolha exatamente o que quer ver.[\/vc_column_text][\/vc_column][\/vc_row]<\/p>","protected":false},"excerpt":{"rendered":"<p>Has ad laudem impedit assueverit, vim ne corpora invenire. Consul salutatus voluptaria te mei, ei ullum liberavisse usu.<\/p>\n","protected":false},"author":1,"featured_media":13445,"parent":0,"menu_order":0,"comment_status":"closed","ping_status":"closed","template":"","meta":{"footnotes":""},"class_list":["post-16926","page","type-page","status-publish","has-post-thumbnail","hentry"],"aioseo_notices":[],"_links":{"self":[{"href":"https:\/\/only-smartbuildings.com\/pt\/wp-json\/wp\/v2\/pages\/16926","targetHints":{"allow":["GET"]}}],"collection":[{"href":"https:\/\/only-smartbuildings.com\/pt\/wp-json\/wp\/v2\/pages"}],"about":[{"href":"https:\/\/only-smartbuildings.com\/pt\/wp-json\/wp\/v2\/types\/page"}],"author":[{"embeddable":true,"href":"https:\/\/only-smartbuildings.com\/pt\/wp-json\/wp\/v2\/users\/1"}],"replies":[{"embeddable":true,"href":"https:\/\/only-smartbuildings.com\/pt\/wp-json\/wp\/v2\/comments?post=16926"}],"version-history":[{"count":79,"href":"https:\/\/only-smartbuildings.com\/pt\/wp-json\/wp\/v2\/pages\/16926\/revisions"}],"predecessor-version":[{"id":19829,"href":"https:\/\/only-smartbuildings.com\/pt\/wp-json\/wp\/v2\/pages\/16926\/revisions\/19829"}],"wp:featuredmedia":[{"embeddable":true,"href":"https:\/\/only-smartbuildings.com\/pt\/wp-json\/"}],"wp:attachment":[{"href":"https:\/\/only-smartbuildings.com\/pt\/wp-json\/wp\/v2\/media?parent=16926"}],"curies":[{"name":"wp","href":"https:\/\/api.w.org\/{rel}","templated":true}]}}