{"id":16846,"date":"2018-03-05T16:03:36","date_gmt":"2018-03-05T16:03:36","guid":{"rendered":"http:\/\/only.younik.pt\/?page_id=16846"},"modified":"2022-01-05T11:03:43","modified_gmt":"2022-01-05T11:03:43","slug":"safety","status":"publish","type":"page","link":"https:\/\/only-smartbuildings.com\/pt\/safety\/","title":{"rendered":"Seguran\u00e7a"},"content":{"rendered":"<p>[vc_row padding_top_multiplier=&#8221;6x&#8221; padding_bottom_multiplier=&#8221;6x&#8221;][vc_column]<h2 class=\"grve-element grve-title grve-align-center grve-h1\" style=\"\"><span><img loading=\"lazy\" decoding=\"async\" class=\"icon-home-seg alignnone wp-image-16765 size-full\" src=\"https:\/\/only-smartbuildings.com\/wp-content\/uploads\/2018\/03\/safety.png\" alt=\"\" width=\"38\" height=\"46\" \/>Seguran\u00e7a<\/span><\/h2><div class=\"grve-empty-space grve-height-1x\" style=\"\"><\/div><h2 class=\"grve-element grve-title grve-align-center grve-h1 cor-only grve-increase-heading grve-heading-200\" style=\"\"><span>Pensado<br \/>\npara <span style=\"font-weight: 500;\">proteger<\/span><\/span><\/h2><div class=\"grve-empty-space\" style=\"height: 20px;\"><\/div>[vc_column_text]<\/p>\n<p style=\"text-align: center;\">Personalizar modos de aus\u00eancia, noturno ou cen\u00e1rios espec\u00edficos de seguran\u00e7a permite atuar preventivamente na sua prote\u00e7\u00e3o. Em caso de dete\u00e7\u00e3o de inc\u00eandio, abrem-se os estores e ligam-se as luzes para o manter seguro e alerta.<\/p>\n<p style=\"text-align: center;\"><strong>A sua casa sempre vigilante. <\/strong><\/p>\n<p>[\/vc_column_text][\/vc_column][\/vc_row][vc_row heading_color=&#8221;light&#8221; section_type=&#8221;fullwidth&#8221; bg_type=&#8221;image&#8221; bg_image=&#8221;17882&#8243; bg_image_type=&#8221;fixed&#8221; bg_image_size=&#8221;full&#8221; padding_top_multiplier=&#8221;6x&#8221; padding_bottom_multiplier=&#8221;6x&#8221; equal_column_height=&#8221;equal-column&#8221; mobile_equal_column_height=&#8221;false&#8221; parallax_sensor=&#8221;350&#8243; font_color=&#8221;#ffffff&#8221;][vc_column width=&#8221;1\/3&#8243; css=&#8221;.vc_custom_1521546996295{border-right-width: 1px !important;padding-right: 14% !important;padding-left: 14% !important;border-right-color: #ffffff !important;border-right-style: solid !important;}&#8221; el_class=&#8221;sem-border-col&#8221;]<div class=\"grve-empty-space grve-height-1x\" style=\"\"><\/div><h3 class=\"grve-element grve-title grve-align-left grve-h3 grve-increase-heading grve-heading-160\" style=\"\"><span>Sobre ONLY SAFETY<\/span><\/h3>[vc_column_text]ONLY SAFETY \u00e9 constitu\u00edda por um equipamento centro de monitoriza\u00e7\u00e3o de seguran\u00e7a e pain\u00e9is de parede com ou sem <em>display<\/em> OLED. Deteta intrus\u00e3o, inc\u00eandio, fuga de g\u00e1s e inunda\u00e7\u00e3o.<\/p>\n<p>Juntamente com o sistema ONLY smart home, permite a ativa\u00e7\u00e3o autom\u00e1tica de eventos inteligentes baseados na aus\u00eancia ou presen\u00e7a, em situa\u00e7\u00e3o de perigo, melhorando a sua seguran\u00e7a e efici\u00eancia energ\u00e9tica.<br \/>\nOs pain\u00e9is de controlo ONLY SAFETY foram desenvolvidos para o efeito, com fun\u00e7\u00f5es gerais de automa\u00e7\u00e3o.<br \/>\nA comunica\u00e7\u00e3o Safety BUS \u00e9 suportada por uma bateria que permite o seu pleno funcionamento, mesmo quando h\u00e1 falha de energia.[\/vc_column_text]<div class=\"grve-empty-space grve-height-1x\" style=\"\"><\/div>[\/vc_column][vc_column width=&#8221;1\/3&#8243; css=&#8221;.vc_custom_1521546999435{border-right-width: 1px !important;padding-right: 14% !important;padding-left: 14% !important;border-right-color: #ffffff !important;border-right-style: solid !important;}&#8221; el_class=&#8221;sem-border-col&#8221;]<div class=\"grve-empty-space grve-height-1x\" style=\"\"><\/div><h3 class=\"grve-element grve-title grve-align-left grve-h3 grve-increase-heading grve-heading-160\" style=\"\"><span>Onde instalar<\/span><\/h3>[vc_column_text]A central de controlo de seguran\u00e7a ONLY SAFETY tem a sua pr\u00f3pria caixa de aparelhagem e o painel de controlo seguran\u00e7a \u00e9 o adequado para comandos de parede.[\/vc_column_text]<div class=\"grve-empty-space grve-height-1x\" style=\"\"><\/div>[\/vc_column][vc_column width=&#8221;1\/3&#8243; css=&#8221;.vc_custom_1521140131453{padding-right: 14% !important;padding-left: 14% !important;}&#8221;]<div class=\"grve-empty-space grve-height-1x\" style=\"\"><\/div><h3 class=\"grve-element grve-title grve-align-left grve-h3 grve-increase-heading grve-heading-160\" style=\"\"><span>Como configurar<\/span><\/h3>[vc_column_text]Diretamente no painel de seguran\u00e7a ou utilizando a APP BeOnly.[\/vc_column_text]<div class=\"grve-empty-space grve-height-1x\" style=\"\"><\/div>[\/vc_column][\/vc_row]<\/p>","protected":false},"excerpt":{"rendered":"<p>Has ad laudem impedit assueverit, vim ne corpora invenire. Consul salutatus voluptaria te mei, ei ullum liberavisse usu.<\/p>\n","protected":false},"author":1,"featured_media":13445,"parent":0,"menu_order":0,"comment_status":"closed","ping_status":"closed","template":"","meta":{"footnotes":""},"class_list":["post-16846","page","type-page","status-publish","has-post-thumbnail","hentry"],"aioseo_notices":[],"_links":{"self":[{"href":"https:\/\/only-smartbuildings.com\/pt\/wp-json\/wp\/v2\/pages\/16846","targetHints":{"allow":["GET"]}}],"collection":[{"href":"https:\/\/only-smartbuildings.com\/pt\/wp-json\/wp\/v2\/pages"}],"about":[{"href":"https:\/\/only-smartbuildings.com\/pt\/wp-json\/wp\/v2\/types\/page"}],"author":[{"embeddable":true,"href":"https:\/\/only-smartbuildings.com\/pt\/wp-json\/wp\/v2\/users\/1"}],"replies":[{"embeddable":true,"href":"https:\/\/only-smartbuildings.com\/pt\/wp-json\/wp\/v2\/comments?post=16846"}],"version-history":[{"count":13,"href":"https:\/\/only-smartbuildings.com\/pt\/wp-json\/wp\/v2\/pages\/16846\/revisions"}],"predecessor-version":[{"id":19838,"href":"https:\/\/only-smartbuildings.com\/pt\/wp-json\/wp\/v2\/pages\/16846\/revisions\/19838"}],"wp:featuredmedia":[{"embeddable":true,"href":"https:\/\/only-smartbuildings.com\/pt\/wp-json\/"}],"wp:attachment":[{"href":"https:\/\/only-smartbuildings.com\/pt\/wp-json\/wp\/v2\/media?parent=16846"}],"curies":[{"name":"wp","href":"https:\/\/api.w.org\/{rel}","templated":true}]}}