{"id":16837,"date":"2018-03-05T15:28:49","date_gmt":"2018-03-05T15:28:49","guid":{"rendered":"http:\/\/only.younik.pt\/?page_id=16837"},"modified":"2022-01-05T11:01:22","modified_gmt":"2022-01-05T11:01:22","slug":"climatization","status":"publish","type":"page","link":"https:\/\/only-smartbuildings.com\/pt\/climatization\/","title":{"rendered":"Climatiza\u00e7\u00e3o"},"content":{"rendered":"<p>[vc_row padding_top_multiplier=&#8221;6x&#8221; padding_bottom_multiplier=&#8221;6x&#8221;][vc_column]<h2 class=\"grve-element grve-title grve-align-center grve-h1\" style=\"\"><span><img loading=\"lazy\" decoding=\"async\" class=\"icon-home-seg alignnone wp-image-16763 size-full\" src=\"https:\/\/only-smartbuildings.com\/wp-content\/uploads\/2018\/03\/climatization.png\" alt=\"\" width=\"46\" height=\"46\" \/>Climatiza\u00e7\u00e3o<\/span><\/h2><div class=\"grve-empty-space grve-height-1x\" style=\"\"><\/div><h2 class=\"grve-element grve-title grve-align-center grve-h1 cor-only grve-increase-heading grve-heading-200\" style=\"\"><span>Feito para<br \/>\n<span style=\"font-weight: 500;\">confortar<\/span><\/span><\/h2><div class=\"grve-empty-space\" style=\"height: 20px;\"><\/div>[vc_column_text]<\/p>\n<p style=\"text-align: center;\">Conforto e efici\u00eancia energ\u00e9tica em permanente equil\u00edbrio.<br \/>\nDesafiamos os sistemas de climatiza\u00e7\u00e3o instalados para alcan\u00e7ar a combina\u00e7\u00e3o mais eficaz alternando, por exemplo, ar condicionado e piso radiante, fechar automaticamente os estores quando um espa\u00e7o atinge determinada temperatura, etc.<\/p>\n<p style=\"text-align: center;\"><strong>Tudo para um conforto inteligente. <\/strong><\/p>\n<p>[\/vc_column_text][\/vc_column][\/vc_row][vc_row heading_color=&#8221;light&#8221; section_type=&#8221;fullwidth&#8221; bg_type=&#8221;image&#8221; bg_image=&#8221;17878&#8243; bg_image_type=&#8221;fixed&#8221; bg_image_size=&#8221;full&#8221; padding_top_multiplier=&#8221;6x&#8221; padding_bottom_multiplier=&#8221;6x&#8221; equal_column_height=&#8221;equal-column&#8221; mobile_equal_column_height=&#8221;false&#8221; parallax_sensor=&#8221;350&#8243; font_color=&#8221;#ffffff&#8221;][vc_column width=&#8221;1\/3&#8243; css=&#8221;.vc_custom_1521547008840{border-right-width: 1px !important;padding-right: 14% !important;padding-left: 14% !important;border-right-color: #ffffff !important;border-right-style: solid !important;}&#8221; el_class=&#8221;sem-border-col&#8221;]<div class=\"grve-empty-space grve-height-1x\" style=\"\"><\/div><h3 class=\"grve-element grve-title grve-align-left grve-h3 grve-increase-heading grve-heading-160\" style=\"\"><span>Sobre ONLY CLIMA<\/span><\/h3>[vc_column_text]ONLY CLIMA est\u00e1 dispon\u00edvel em diversas vers\u00f5es conforme o tipo de tecnologia de climatiza\u00e7\u00e3o a controlar: piso radiante ou radiadores de parede, incluindo caldeiras, sistema de fan coil (2 ou 4 tubos) e AC tipo split ou multi-split, VRV ou VRF.<br \/>\nNum sistema ONLY smarthome todos os m\u00f3dulos ONLY CLIMA podem ser associados para partilhar defini\u00e7\u00f5es de temperatura, calend\u00e1rio, etc.[\/vc_column_text]<div class=\"grve-empty-space grve-height-1x\" style=\"\"><\/div>[\/vc_column][vc_column width=&#8221;1\/3&#8243; css=&#8221;.vc_custom_1521547012451{border-right-width: 1px !important;padding-right: 14% !important;padding-left: 14% !important;border-right-color: #ffffff !important;border-right-style: solid !important;}&#8221; el_class=&#8221;sem-border-col&#8221;]<div class=\"grve-empty-space grve-height-1x\" style=\"\"><\/div><h3 class=\"grve-element grve-title grve-align-left grve-h3 grve-increase-heading grve-heading-160\" style=\"\"><span>Onde instalar<\/span><\/h3>[vc_column_text]Existem duas vers\u00f5es de ONLY CLIMA: parede (caixa de interruptor) e quadro el\u00e9trico (montagem em calha DIN).[\/vc_column_text]<div class=\"grve-empty-space grve-height-1x\" style=\"\"><\/div>[\/vc_column][vc_column width=&#8221;1\/3&#8243; css=&#8221;.vc_custom_1521139484157{padding-right: 14% !important;padding-left: 14% !important;}&#8221;]<div class=\"grve-empty-space grve-height-1x\" style=\"\"><\/div><h3 class=\"grve-element grve-title grve-align-left grve-h3 grve-increase-heading grve-heading-160\" style=\"\"><span>Como configurar<\/span><\/h3>[vc_column_text]Diretamente nos pain\u00e9is ONLY CLICK, ONLY TOUCH, ONLY WAVE ou pain\u00e9is OLED, ou utilizando a APP BeOnly.[\/vc_column_text]<div class=\"grve-empty-space grve-height-1x\" style=\"\"><\/div>[\/vc_column][\/vc_row]<\/p>","protected":false},"excerpt":{"rendered":"<p>Has ad laudem impedit assueverit, vim ne corpora invenire. Consul salutatus voluptaria te mei, ei ullum liberavisse usu.<\/p>\n","protected":false},"author":1,"featured_media":13445,"parent":0,"menu_order":0,"comment_status":"closed","ping_status":"closed","template":"","meta":{"footnotes":""},"class_list":["post-16837","page","type-page","status-publish","has-post-thumbnail","hentry"],"aioseo_notices":[],"_links":{"self":[{"href":"https:\/\/only-smartbuildings.com\/pt\/wp-json\/wp\/v2\/pages\/16837","targetHints":{"allow":["GET"]}}],"collection":[{"href":"https:\/\/only-smartbuildings.com\/pt\/wp-json\/wp\/v2\/pages"}],"about":[{"href":"https:\/\/only-smartbuildings.com\/pt\/wp-json\/wp\/v2\/types\/page"}],"author":[{"embeddable":true,"href":"https:\/\/only-smartbuildings.com\/pt\/wp-json\/wp\/v2\/users\/1"}],"replies":[{"embeddable":true,"href":"https:\/\/only-smartbuildings.com\/pt\/wp-json\/wp\/v2\/comments?post=16837"}],"version-history":[{"count":14,"href":"https:\/\/only-smartbuildings.com\/pt\/wp-json\/wp\/v2\/pages\/16837\/revisions"}],"predecessor-version":[{"id":19837,"href":"https:\/\/only-smartbuildings.com\/pt\/wp-json\/wp\/v2\/pages\/16837\/revisions\/19837"}],"wp:featuredmedia":[{"embeddable":true,"href":"https:\/\/only-smartbuildings.com\/pt\/wp-json\/"}],"wp:attachment":[{"href":"https:\/\/only-smartbuildings.com\/pt\/wp-json\/wp\/v2\/media?parent=16837"}],"curies":[{"name":"wp","href":"https:\/\/api.w.org\/{rel}","templated":true}]}}