{"id":16827,"date":"2018-03-06T10:52:51","date_gmt":"2018-03-06T10:52:51","guid":{"rendered":"http:\/\/only.younik.pt\/?page_id=16827"},"modified":"2022-01-05T10:49:42","modified_gmt":"2022-01-05T10:49:42","slug":"audio","status":"publish","type":"page","link":"https:\/\/only-smartbuildings.com\/pt\/audio\/","title":{"rendered":"\u00c1udio"},"content":{"rendered":"<p>[vc_row padding_top_multiplier=&#8221;6x&#8221; padding_bottom_multiplier=&#8221;6x&#8221;][vc_column]<h2 class=\"grve-element grve-title grve-align-center grve-h1\" style=\"\"><span><img loading=\"lazy\" decoding=\"async\" class=\"icon-home-seg alignnone wp-image-16759 size-full\" src=\"https:\/\/only-smartbuildings.com\/wp-content\/uploads\/2018\/03\/audio_2.png\" alt=\"\" width=\"40\" height=\"46\" \/>\u00c1udio<\/span><\/h2><div class=\"grve-empty-space grve-height-1x\" style=\"\"><\/div><h2 class=\"grve-element grve-title grve-align-center grve-h1 cor-only grve-increase-heading grve-heading-200\" style=\"\"><span>Composto<br \/>\npara <span style=\"font-weight: 500;\">relaxar<\/span><\/span><\/h2><div class=\"grve-empty-space\" style=\"height: 20px;\"><\/div>[vc_column_text]<\/p>\n<p style=\"text-align: center;\">O poder da m\u00fasica \u00e9 imenso. Som de alta qualidade em cada espa\u00e7o e a cada momento.<br \/>\nAcordar ao som de uma m\u00fasica ao mesmo tempo que se abrem as persianas, ouvir as \u00faltimas not\u00edcias na r\u00e1dio enquanto se prepara para o dia ou ativar um cen\u00e1rio de som ambiente ao mesmo tempo que regula a intensidade da luz.<br \/>\nConfigure uma vez, desfrute sempre que quiser.<\/p>\n<p style=\"text-align: center;\"><strong>Possibilidades infinitas, sempre. <\/strong><\/p>\n<p>[\/vc_column_text][\/vc_column][\/vc_row][vc_row heading_color=&#8221;light&#8221; section_type=&#8221;fullwidth&#8221; bg_type=&#8221;image&#8221; bg_image=&#8221;17874&#8243; bg_image_type=&#8221;fixed&#8221; bg_image_size=&#8221;full&#8221; padding_top_multiplier=&#8221;6x&#8221; padding_bottom_multiplier=&#8221;6x&#8221; equal_column_height=&#8221;equal-column&#8221; parallax_sensor=&#8221;350&#8243; font_color=&#8221;#ffffff&#8221;][vc_column width=&#8221;1\/3&#8243; css=&#8221;.vc_custom_1521546931001{border-right-width: 1px !important;padding-right: 14% !important;padding-left: 14% !important;border-right-color: #ffffff !important;border-right-style: solid !important;}&#8221; el_class=&#8221;sem-border-col&#8221;]<div class=\"grve-empty-space grve-height-1x\" style=\"\"><\/div><h3 class=\"grve-element grve-title grve-align-left grve-h3 grve-increase-heading grve-heading-160\" style=\"\"><span>Sobre ONLY \u00c1UDIO<\/span><\/h3>[vc_column_text]Em fun\u00e7\u00e3o das op\u00e7\u00f5es poder\u00e1 incluir: 6 mem\u00f3rias FM, bluetooth, entradas auxiliares, 2 zonas \u00e1udio e amplificador \u00e1udio.[\/vc_column_text]<div class=\"grve-empty-space grve-height-1x\" style=\"\"><\/div>[\/vc_column][vc_column width=&#8221;1\/3&#8243; css=&#8221;.vc_custom_1521546934636{border-right-width: 1px !important;padding-right: 14% !important;padding-left: 14% !important;border-right-color: #ffffff !important;border-right-style: solid !important;}&#8221; el_class=&#8221;sem-border-col&#8221;]<div class=\"grve-empty-space grve-height-1x\" style=\"\"><\/div><h3 class=\"grve-element grve-title grve-align-left grve-h3 grve-increase-heading grve-heading-160\" style=\"\"><span>Onde instalar<\/span><\/h3>[vc_column_text]Existem duas vers\u00f5es de ONLY \u00c1UDIO: parede (caixa de interruptor) e caixas para teto falso ou arm\u00e1rio.[\/vc_column_text]<div class=\"grve-empty-space grve-height-1x\" style=\"\"><\/div>[\/vc_column][vc_column width=&#8221;1\/3&#8243; css=&#8221;.vc_custom_1521139370342{padding-right: 14% !important;padding-left: 14% !important;}&#8221;]<div class=\"grve-empty-space grve-height-1x\" style=\"\"><\/div><h3 class=\"grve-element grve-title grve-align-left grve-h3 grve-increase-heading grve-heading-160\" style=\"\"><span>Como configurar<\/span><\/h3>[vc_column_text]Diretamente nos pain\u00e9is ONLY CLICK, ONLY TOUCH, ONLY WAVE ou pain\u00e9is OLED, ou utilizando a APP BeOnly.[\/vc_column_text]<div class=\"grve-empty-space grve-height-1x\" style=\"\"><\/div>[\/vc_column][\/vc_row][vc_row padding_top_multiplier=&#8221;6x&#8221; padding_bottom_multiplier=&#8221;6x&#8221; equal_column_height=&#8221;middle-content&#8221;][vc_column width=&#8221;1\/2&#8243;]<div class=\"grve-element grve-image grve-align-center\" style=\"\">  <div class=\"grve-image-wrapper\"><img loading=\"lazy\" decoding=\"async\" width=\"1047\" height=\"937\" src=\"https:\/\/only-smartbuildings.com\/wp-content\/uploads\/2018\/03\/ONLY_Panel-2.png\" class=\"attachment-full size-full\" alt=\"\" srcset=\"https:\/\/only-smartbuildings.com\/wp-content\/uploads\/2018\/03\/ONLY_Panel-2.png 1047w, https:\/\/only-smartbuildings.com\/wp-content\/uploads\/2018\/03\/ONLY_Panel-2-300x268.png 300w, https:\/\/only-smartbuildings.com\/wp-content\/uploads\/2018\/03\/ONLY_Panel-2-768x687.png 768w, https:\/\/only-smartbuildings.com\/wp-content\/uploads\/2018\/03\/ONLY_Panel-2-1024x916.png 1024w, https:\/\/only-smartbuildings.com\/wp-content\/uploads\/2018\/03\/ONLY_Panel-2-600x537.png 600w\" sizes=\"auto, (max-width: 1047px) 100vw, 1047px\" \/>   <\/div><\/div>[\/vc_column][vc_column width=&#8221;1\/2&#8243; css=&#8221;.vc_custom_1519118770944{border-right-width: 1px !important;padding-right: 21% !important;padding-left: 21% !important;border-right-color: rgba(255,255,255,0.8) !important;border-right-style: solid !important;}&#8221;]<h2 class=\"grve-element grve-title grve-align-left grve-h1\" style=\"\"><span>Only FM<\/span><\/h2>[vc_column_text]<\/p>\n<p class=\"p1\" style=\"text-align: left;\"><strong>Sempre a escutar<br \/>\n<\/strong>Os seus canais de r\u00e1dio favoritos sempre dispon\u00edveis.<\/p>\n<p>[\/vc_column_text]<div class=\"grve-empty-space grve-height-2x\" style=\"\"><\/div><h2 class=\"grve-element grve-title grve-align-left grve-h1\" style=\"\"><span>Only Bluetooth<\/span><\/h2>[vc_column_text]<\/p>\n<p class=\"p1\" style=\"text-align: left;\"><strong>Sempre em movimento<br \/>\n<\/strong>Emparelhe o seu smartphone para ouvir as suas <em>playlists<\/em>.<\/p>\n<p>[\/vc_column_text]<div class=\"grve-empty-space grve-height-2x\" style=\"\"><\/div><h2 class=\"grve-element grve-title grve-align-left grve-h1\" style=\"\"><span>Only AUX<\/span><\/h2>[vc_column_text]<\/p>\n<p class=\"p1\" style=\"text-align: left;\"><strong>Sempre ligado<br \/>\n<\/strong>Liga\u00e7\u00e3o permanente \u00e0 sua biblioteca \u00e1udio ou a qualquer sistema de som ou TV.<\/p>\n<p>[\/vc_column_text][\/vc_column][\/vc_row]<\/p>","protected":false},"excerpt":{"rendered":"<p>Has ad laudem impedit assueverit, vim ne corpora invenire. Consul salutatus voluptaria te mei, ei ullum liberavisse usu.<\/p>\n","protected":false},"author":1,"featured_media":13445,"parent":0,"menu_order":0,"comment_status":"closed","ping_status":"closed","template":"","meta":{"footnotes":""},"class_list":["post-16827","page","type-page","status-publish","has-post-thumbnail","hentry"],"aioseo_notices":[],"_links":{"self":[{"href":"https:\/\/only-smartbuildings.com\/pt\/wp-json\/wp\/v2\/pages\/16827","targetHints":{"allow":["GET"]}}],"collection":[{"href":"https:\/\/only-smartbuildings.com\/pt\/wp-json\/wp\/v2\/pages"}],"about":[{"href":"https:\/\/only-smartbuildings.com\/pt\/wp-json\/wp\/v2\/types\/page"}],"author":[{"embeddable":true,"href":"https:\/\/only-smartbuildings.com\/pt\/wp-json\/wp\/v2\/users\/1"}],"replies":[{"embeddable":true,"href":"https:\/\/only-smartbuildings.com\/pt\/wp-json\/wp\/v2\/comments?post=16827"}],"version-history":[{"count":11,"href":"https:\/\/only-smartbuildings.com\/pt\/wp-json\/wp\/v2\/pages\/16827\/revisions"}],"predecessor-version":[{"id":19835,"href":"https:\/\/only-smartbuildings.com\/pt\/wp-json\/wp\/v2\/pages\/16827\/revisions\/19835"}],"wp:featuredmedia":[{"embeddable":true,"href":"https:\/\/only-smartbuildings.com\/pt\/wp-json\/"}],"wp:attachment":[{"href":"https:\/\/only-smartbuildings.com\/pt\/wp-json\/wp\/v2\/media?parent=16827"}],"curies":[{"name":"wp","href":"https:\/\/api.w.org\/{rel}","templated":true}]}}