{"id":16794,"date":"2018-03-05T11:05:05","date_gmt":"2018-03-05T11:05:05","guid":{"rendered":"http:\/\/only.younik.pt\/?page_id=16794"},"modified":"2022-01-05T10:53:20","modified_gmt":"2022-01-05T10:53:20","slug":"lighting","status":"publish","type":"page","link":"https:\/\/only-smartbuildings.com\/pt\/lighting\/","title":{"rendered":"Ilumina\u00e7\u00e3o"},"content":{"rendered":"<p>[vc_row padding_top_multiplier=&#8221;6x&#8221; padding_bottom_multiplier=&#8221;6x&#8221;][vc_column]<h2 class=\"grve-element grve-title grve-align-center grve-h1\" style=\"\"><span><img loading=\"lazy\" decoding=\"async\" class=\"icon-home-seg alignnone wp-image-16761 size-full\" src=\"https:\/\/only-smartbuildings.com\/wp-content\/uploads\/2018\/03\/lighting.png\" alt=\"\" width=\"44\" height=\"46\" \/>Ilumina\u00e7\u00e3o<br>\n<\/span><\/h2><div class=\"grve-empty-space grve-height-1x\" style=\"\"><\/div><h2 class=\"grve-element grve-title grve-align-center grve-h1 cor-only grve-increase-heading grve-heading-200\" style=\"\"><span>Desenhado<br \/>\npara <span style=\"font-weight: 500;\">inspirar<\/span><\/span><\/h2><div class=\"grve-empty-space\" style=\"height: 20px;\"><\/div>[vc_column_text el_class=&#8221;texto-intro&#8221;]<\/p>\n<p style=\"text-align: center;\">Um toque para ligar, desligar ou ajustar a luz a cada estado de esp\u00edrito.<br \/>\nUm universo infinito de op\u00e7\u00f5es. Elevamos a qualidade do ambiente da sua casa ao ajustar toda a ilumina\u00e7\u00e3o natural e artificial a cada momento do seu dia, seja um jantar com amigos ou uma sess\u00e3o de cinema em casa.<\/p>\n<p style=\"text-align: center;\"><strong>Ambiente perfeito com apenas um toque. <\/strong><\/p>\n<p>[\/vc_column_text][\/vc_column][\/vc_row][vc_row heading_color=&#8221;light&#8221; section_type=&#8221;fullwidth&#8221; bg_type=&#8221;image&#8221; bg_image=&#8221;17876&#8243; bg_image_type=&#8221;fixed&#8221; bg_image_size=&#8221;full&#8221; padding_top_multiplier=&#8221;6x&#8221; padding_bottom_multiplier=&#8221;6x&#8221; equal_column_height=&#8221;equal-column&#8221; mobile_equal_column_height=&#8221;false&#8221; parallax_sensor=&#8221;350&#8243; font_color=&#8221;#ffffff&#8221;][vc_column width=&#8221;1\/3&#8243; css=&#8221;.vc_custom_1521547024016{border-right-width: 1px !important;padding-right: 14% !important;padding-left: 14% !important;border-right-color: #ffffff !important;border-right-style: solid !important;}&#8221; el_class=&#8221;sem-border-col&#8221;]<div class=\"grve-empty-space grve-height-1x\" style=\"\"><\/div><h3 class=\"grve-element grve-title grve-align-left grve-h3 grve-increase-heading grve-heading-160\" style=\"\"><span>Sobre ONLY LIGHT<\/span><\/h3>[vc_column_text]Para ir ao encontro das tend\u00eancias na ilumina\u00e7\u00e3o atuais, a ONLY LIGHT est\u00e1 dispon\u00edvel em diversas vers\u00f5es. Em m\u00f3dulos de controlo ON\/OFF, regula\u00e7\u00e3o de fluxo Luminoso direto e indireto, para todo o tipo de l\u00e2mpada, fita de LED, monocrom\u00e1ticas e RGB. Para regula\u00e7\u00e3o da luz natural, os m\u00f3dulos abrir\/fechar persianas, estores ou blackouts, proporcionam um controlo preciso do sombreamento.[\/vc_column_text]<div class=\"grve-empty-space grve-height-1x\" style=\"\"><\/div>[\/vc_column][vc_column width=&#8221;1\/3&#8243; css=&#8221;.vc_custom_1521547028233{border-right-width: 1px !important;padding-right: 14% !important;padding-left: 14% !important;border-right-color: #ffffff !important;border-right-style: solid !important;}&#8221; el_class=&#8221;sem-border-col&#8221;]<div class=\"grve-empty-space grve-height-1x\" style=\"\"><\/div><h3 class=\"grve-element grve-title grve-align-left grve-h3 grve-increase-heading grve-heading-160\" style=\"\"><span>Onde instalar<\/span><\/h3>[vc_column_text]Existem duas vers\u00f5es de ONLY LIGHT: parede (caixa de interruptor) e quadro el\u00e9trico (montagem em calha DIN).[\/vc_column_text]<div class=\"grve-empty-space grve-height-1x\" style=\"\"><\/div>[\/vc_column][vc_column width=&#8221;1\/3&#8243; css=&#8221;.vc_custom_1521140272370{padding-right: 14% !important;padding-left: 14% !important;}&#8221;]<div class=\"grve-empty-space grve-height-1x\" style=\"\"><\/div><h3 class=\"grve-element grve-title grve-align-left grve-h3 grve-increase-heading grve-heading-160\" style=\"\"><span>Como configurar<\/span><\/h3>[vc_column_text]Diretamente nos pain\u00e9is ONLY CLICK, ONLY TOUCH, ONLY WAVE ou pain\u00e9is OLED, ou utilizando a APP BeOnly.[\/vc_column_text]<div class=\"grve-empty-space grve-height-1x\" style=\"\"><\/div>[\/vc_column][\/vc_row]<\/p>","protected":false},"excerpt":{"rendered":"<p>Has ad laudem impedit assueverit, vim ne corpora invenire. Consul salutatus voluptaria te mei, ei ullum liberavisse usu.<\/p>\n","protected":false},"author":1,"featured_media":13445,"parent":0,"menu_order":0,"comment_status":"closed","ping_status":"closed","template":"","meta":{"footnotes":""},"class_list":["post-16794","page","type-page","status-publish","has-post-thumbnail","hentry"],"aioseo_notices":[],"_links":{"self":[{"href":"https:\/\/only-smartbuildings.com\/pt\/wp-json\/wp\/v2\/pages\/16794","targetHints":{"allow":["GET"]}}],"collection":[{"href":"https:\/\/only-smartbuildings.com\/pt\/wp-json\/wp\/v2\/pages"}],"about":[{"href":"https:\/\/only-smartbuildings.com\/pt\/wp-json\/wp\/v2\/types\/page"}],"author":[{"embeddable":true,"href":"https:\/\/only-smartbuildings.com\/pt\/wp-json\/wp\/v2\/users\/1"}],"replies":[{"embeddable":true,"href":"https:\/\/only-smartbuildings.com\/pt\/wp-json\/wp\/v2\/comments?post=16794"}],"version-history":[{"count":35,"href":"https:\/\/only-smartbuildings.com\/pt\/wp-json\/wp\/v2\/pages\/16794\/revisions"}],"predecessor-version":[{"id":19836,"href":"https:\/\/only-smartbuildings.com\/pt\/wp-json\/wp\/v2\/pages\/16794\/revisions\/19836"}],"wp:featuredmedia":[{"embeddable":true,"href":"https:\/\/only-smartbuildings.com\/pt\/wp-json\/"}],"wp:attachment":[{"href":"https:\/\/only-smartbuildings.com\/pt\/wp-json\/wp\/v2\/media?parent=16794"}],"curies":[{"name":"wp","href":"https:\/\/api.w.org\/{rel}","templated":true}]}}