{"id":11384,"date":"2016-08-05T12:36:37","date_gmt":"2016-08-05T12:36:37","guid":{"rendered":"http:\/\/only.younik.pt\/?page_id=11384"},"modified":"2022-01-04T10:38:22","modified_gmt":"2022-01-04T10:38:22","slug":"about","status":"publish","type":"page","link":"https:\/\/only-smartbuildings.com\/pt\/about\/","title":{"rendered":"Sobre"},"content":{"rendered":"<p>[vc_row heading_color=&#8221;primary-1&#8243; bg_type=&#8221;color&#8221; padding_top_multiplier=&#8221;&#8221; padding_bottom_multiplier=&#8221;&#8221; columns_gap=&#8221;50&#8243;][vc_column tablet_sm_width=&#8221;1&#8243; css=&#8221;.vc_custom_1519030555020{padding-top: 10% !important;padding-bottom: 10% !important;background-position: center !important;background-repeat: no-repeat !important;background-size: cover !important;}&#8221;]<div class=\"grve-empty-space grve-height-6x\" style=\"\"><\/div><h2 class=\"grve-element grve-title grve-align-center grve-h1 grve-increase-heading grve-heading-200\" style=\"margin-bottom: 0px;\"><span>Made in Portugal.<\/span><\/h2><div class=\"grve-empty-space\" style=\"height: 20px;\"><\/div>[vc_column_text]<\/p>\n<p class=\"p1\" style=\"text-align: center;\"><span class=\"s1\">ONLY \u00e9 uma marca da Enancer Electr\u00f3nica<br \/>\ncom sede em Braga, Portugal e faz parte do Grupo Fehst. <\/span><\/p>\n<p class=\"p1\" style=\"text-align: center;\"><span class=\"s1\">ONLY \u00e9 tecnologia de edif\u00edcios inteligentes, simples de instalar e configurar, com funcionalidades completas para controlo de ilumina\u00e7\u00e3o artificial e natural, de climatiza\u00e7\u00e3o, seguran\u00e7a e som ambiente. <\/span><\/p>\n<p class=\"p1\" style=\"text-align: center;\"><span class=\"s1\">A nossa equipa de I&amp;D antecipa constantemente novas tend\u00eancias de design, efici\u00eancia e<i> user experience <\/i>no desenvolvimento de solu\u00e7\u00f5es, constru\u00eddas sob um rigoroso controlo de qualidade assegurando uma performance irrepreens\u00edvel.<\/span><\/p>\n<p class=\"p1\" style=\"text-align: center;\"><span class=\"s1\">Com mais de uma d\u00e9cada de atividade e com equipamentos instalados por todo o mundo, a ONLY continua a reinventar a tecnologia de forma a incrementar o conforto em sintonia com a efici\u00eancia energ\u00e9tica.<\/span><\/p>\n<p>[\/vc_column_text]<div class=\"grve-empty-space grve-height-6x\" style=\"\"><\/div>[\/vc_column][\/vc_row][vc_row heading_color=&#8221;light&#8221; section_type=&#8221;fullwidth&#8221; bg_type=&#8221;image&#8221; bg_image=&#8221;16864&#8243; bg_image_type=&#8221;fixed&#8221; bg_image_size=&#8221;responsive&#8221; padding_top_multiplier=&#8221;&#8221; padding_bottom_multiplier=&#8221;&#8221; columns_gap=&#8221;none&#8221; parallax_sensor=&#8221;350&#8243; margin_bottom=&#8221;0&#8243;][vc_column css=&#8221;.vc_custom_1520328713247{margin-top: 0px !important;margin-bottom: 0px !important;padding-top: 0px !important;padding-bottom: 0px !important;}&#8221;]<div class=\"grve-element grve-image grve-align-right\" style=\"\">  <div class=\"grve-image-wrapper\"><img loading=\"lazy\" decoding=\"async\" width=\"4001\" height=\"695\" src=\"https:\/\/only-smartbuildings.com\/wp-content\/uploads\/2018\/03\/only-linhas-01-1.png\" class=\"attachment-full size-full\" alt=\"\" srcset=\"https:\/\/only-smartbuildings.com\/wp-content\/uploads\/2018\/03\/only-linhas-01-1.png 4001w, https:\/\/only-smartbuildings.com\/wp-content\/uploads\/2018\/03\/only-linhas-01-1-300x52.png 300w, https:\/\/only-smartbuildings.com\/wp-content\/uploads\/2018\/03\/only-linhas-01-1-768x133.png 768w, https:\/\/only-smartbuildings.com\/wp-content\/uploads\/2018\/03\/only-linhas-01-1-1024x178.png 1024w, https:\/\/only-smartbuildings.com\/wp-content\/uploads\/2018\/03\/only-linhas-01-1-1920x334.png 1920w, https:\/\/only-smartbuildings.com\/wp-content\/uploads\/2018\/03\/only-linhas-01-1-600x104.png 600w\" sizes=\"auto, (max-width: 4001px) 100vw, 4001px\" \/>   <\/div><\/div><div class=\"grve-empty-space grve-height-1x\" style=\"\"><\/div><h3 class=\"grve-element grve-title grve-align-center grve-animated-item grve-duration-normal grve-fade-in-up grve-h1 grve-increase-heading grve-heading-300\" style=\"margin-bottom: 0px;\" data-delay=\"200\"><span>Inova\u00e7\u00e3o<\/span><\/h3><h3 class=\"grve-element grve-title grve-align-center grve-animated-item grve-duration-normal grve-fade-in-up grve-h1 grve-increase-heading grve-heading-300\" style=\"margin-bottom: 0px;\" data-delay=\"400\"><span><span style=\"font-weight: 500;\"> de Portugal<br \/>\npara o Mundo.<\/span><\/span><\/h3><div class=\"grve-empty-space grve-height-1x\" style=\"\"><\/div><div class=\"grve-element grve-image grve-align-left\" style=\"\">  <div class=\"grve-image-wrapper\"><img loading=\"lazy\" decoding=\"async\" width=\"4001\" height=\"695\" src=\"https:\/\/only-smartbuildings.com\/wp-content\/uploads\/2018\/03\/only-linhas-02.png\" class=\"attachment-full size-full\" alt=\"\" srcset=\"https:\/\/only-smartbuildings.com\/wp-content\/uploads\/2018\/03\/only-linhas-02.png 4001w, https:\/\/only-smartbuildings.com\/wp-content\/uploads\/2018\/03\/only-linhas-02-300x52.png 300w, https:\/\/only-smartbuildings.com\/wp-content\/uploads\/2018\/03\/only-linhas-02-768x133.png 768w, https:\/\/only-smartbuildings.com\/wp-content\/uploads\/2018\/03\/only-linhas-02-1024x178.png 1024w, https:\/\/only-smartbuildings.com\/wp-content\/uploads\/2018\/03\/only-linhas-02-1920x334.png 1920w, https:\/\/only-smartbuildings.com\/wp-content\/uploads\/2018\/03\/only-linhas-02-600x104.png 600w\" sizes=\"auto, (max-width: 4001px) 100vw, 4001px\" \/>   <\/div><\/div>[\/vc_column][\/vc_row]<\/p>","protected":false},"excerpt":{"rendered":"<p>In dicat delicata eos. Vim dicant platonem ne, quem expetenda necessitatibus nam eu. Mucius referrentur nam cu. Vel ludus noluisse consectetuer et.<\/p>\n","protected":false},"author":1,"featured_media":0,"parent":0,"menu_order":0,"comment_status":"closed","ping_status":"closed","template":"","meta":{"footnotes":""},"class_list":["post-11384","page","type-page","status-publish","hentry"],"aioseo_notices":[],"_links":{"self":[{"href":"https:\/\/only-smartbuildings.com\/pt\/wp-json\/wp\/v2\/pages\/11384","targetHints":{"allow":["GET"]}}],"collection":[{"href":"https:\/\/only-smartbuildings.com\/pt\/wp-json\/wp\/v2\/pages"}],"about":[{"href":"https:\/\/only-smartbuildings.com\/pt\/wp-json\/wp\/v2\/types\/page"}],"author":[{"embeddable":true,"href":"https:\/\/only-smartbuildings.com\/pt\/wp-json\/wp\/v2\/users\/1"}],"replies":[{"embeddable":true,"href":"https:\/\/only-smartbuildings.com\/pt\/wp-json\/wp\/v2\/comments?post=11384"}],"version-history":[{"count":96,"href":"https:\/\/only-smartbuildings.com\/pt\/wp-json\/wp\/v2\/pages\/11384\/revisions"}],"predecessor-version":[{"id":19822,"href":"https:\/\/only-smartbuildings.com\/pt\/wp-json\/wp\/v2\/pages\/11384\/revisions\/19822"}],"wp:attachment":[{"href":"https:\/\/only-smartbuildings.com\/pt\/wp-json\/wp\/v2\/media?parent=11384"}],"curies":[{"name":"wp","href":"https:\/\/api.w.org\/{rel}","templated":true}]}}